{"id":43118,"date":"2026-03-21T18:26:55","date_gmt":"2026-03-21T18:26:55","guid":{"rendered":"https:\/\/evotek.md\/?post_type=product&#038;p=43118"},"modified":"2026-03-21T18:52:47","modified_gmt":"2026-03-21T18:52:47","slug":"mb-31","status":"publish","type":"product","link":"https:\/\/evotek.md\/ro\/produse\/echipamente-pentru-bar-si-cafea\/blendere-echipamente-pentru-bar\/mb-31\/","title":{"rendered":"BLENDER STICK CU TEL, 30 LITRI, 306 mm -SAMMIC-MB-31"},"content":{"rendered":"<div><strong>BLENDER STICK CU TEL, 30 LITRI, 306 mm -SAMMIC-MB-31<\/strong> &#8211; Blender de m\u00e2n\u0103 profesional cu tel. Blender de m\u00e2n\u0103 profesional conceput pentru prepararea unei variet\u0103\u021bi de preparate f\u0103r\u0103 a fi nevoie de accesorii suplimentare. Lam\u0103 profesional\u0103 \u00een form\u0103 de Y din o\u021bel c\u0103lit cu o muchie de t\u0103iere de lung\u0103 durat\u0103. Vario-speed: vitez\u0103 reglabil\u0103. Ata\u0219amentul tel este conceput pentru utilizare \u00een recipiente de p\u00e2n\u0103 la 30 de litri. Telul con\u021bine de la 2 la 50 de albu\u0219uri.<\/div>\n<div><\/div>\n<div>Caracteristici<\/div>\n<div>Sarcin\u0103 total\u0103: 400 W<\/div>\n<div>Capacitate maxim\u0103: 30 litri<\/div>\n<div>Ad\u00e2ncime maxim\u0103 tel: 207,3 mm<\/div>\n<div>Vitez\u0103 motor tija: 1500 &#8211; 12000 rpm<\/div>\n<div>Diametru lam\u0103 tija: 55 mm<\/div>\n<div>Diametru lam\u0103 protec\u021bie la tija: 92,2 mm<\/div>\n<div>Lungime tija: 306 mm<\/div>\n<div>Lungime totala cu tija: 615 mm<\/div>\n<div>Vitez\u0103 motor tel: 200 &#8211; 1500 rpm<\/div>\n<div>Capacitate tel: 2 p\u00e2n\u0103 la 50 de albu\u0219uri<\/div>\n<div>Lungime bra\u021b rotativ tel: 396 mm<\/div>\n<div>Lungime total\u0103 (cu bra\u021b rotativ): 704 mm<\/div>\n<div>Greutate net\u0103: 4,61 kg<\/div>\n<div>Nivel zgomot: (1 m) &lt;80 dB(A)<\/div>\n<div>Dimensiuni ambalaj: 455x475x117 mm<\/div>\n<div>Greutate brut\u0103: 5,6 kg<\/div>\n<div>Unitate motor cu vitez\u0103 variabil\u0103<\/div>\n<div><\/div>\n","protected":false},"excerpt":{"rendered":"<p>Blender stick cu tel. Sarcin\u0103 total\u0103: 400 W; Capacitate maxim\u0103: 30 litri; Ad\u00e2ncime maxim\u0103 tel: 207,3 mm; Vitez\u0103 motor tija: 1500 &#8211; 12000 rpm; Diametru lam\u0103 tija: 55 mm; Diametru lam\u0103 protec\u021bie la tija: 92,2 mm; Lungime tija: 306 mm; Lungime totala cu tija: 615 mm; Vitez\u0103 motor tel: 200 &#8211; 1500 rpm; Capacitate tel: 2 p\u00e2n\u0103 la 50 de albu\u0219uri; Lungime bra\u021b rotativ tel: 396 mm; Lungime total\u0103 (cu bra\u021b rotativ): 704 mm; Greutate net\u0103: 4,61 kg; Nivel zgomot: (1 m) &lt;80 dB(A); Dimensiuni ambalaj: 455x475x117 mm; Greutate brut\u0103: 5,6 kg; Unitate motor cu vitez\u0103 variabil\u0103.<\/p>\n","protected":false},"featured_media":43121,"template":"","meta":[],"_links":{"self":[{"href":"https:\/\/evotek.md\/ro\/wp-json\/wp\/v2\/product\/43118"}],"collection":[{"href":"https:\/\/evotek.md\/ro\/wp-json\/wp\/v2\/product"}],"about":[{"href":"https:\/\/evotek.md\/ro\/wp-json\/wp\/v2\/types\/product"}],"wp:featuredmedia":[{"embeddable":true,"href":"https:\/\/evotek.md\/ro\/wp-json\/wp\/v2\/media\/43121"}],"wp:attachment":[{"href":"https:\/\/evotek.md\/ro\/wp-json\/wp\/v2\/media?parent=43118"}],"curies":[{"name":"wp","href":"https:\/\/api.w.org\/{rel}","templated":true}]}}