{"id":43110,"date":"2026-03-21T14:12:12","date_gmt":"2026-03-21T14:12:11","guid":{"rendered":"https:\/\/evotek.md\/?post_type=product&#038;p=43110"},"modified":"2026-03-21T18:52:26","modified_gmt":"2026-03-21T18:52:26","slug":"xm-31","status":"publish","type":"product","link":"https:\/\/evotek.md\/ro\/produse\/echipamente-pentru-bar-si-cafea\/blendere-echipamente-pentru-bar\/xm-31\/","title":{"rendered":"BLENDER STICK 30 LITRI, 306 mm -SAMMIC-XM-31"},"content":{"rendered":"<p><strong>BLENDER STICK 30 LITRI, 306 mm -SAMMIC-XM-31- <\/strong>Un blender de m\u00e2n\u0103 profesional conceput pentru prepararea unei variet\u0103\u021bi de feluri de m\u00e2ncare f\u0103r\u0103 a fi nevoie de accesorii suplimentare. Lam\u0103 profesional\u0103 \u00een form\u0103 de Y din o\u021bel c\u0103lit pentru o muchie de t\u0103iere de lung\u0103 durat\u0103. Vitez\u0103 fix\u0103. Conceput pentru utilizare \u00een recipiente de p\u00e2n\u0103 la 30 de litri.<\/p>\n<div>Caracteristici<\/div>\n<div>Sarcin\u0103 total\u0103: 400 W<\/div>\n<div>Pentru utilizare continu\u0103 \u00een rezervoare de p\u00e2n\u0103 la: 30 litri<\/div>\n<div>Ad\u00e2ncime maxim\u0103 de lucru: 207,3 mm<\/div>\n<div>Vitez\u0103 motor: 12.000 rpm<\/div>\n<div>Diametru lam\u0103: 55 mm<\/div>\n<div>Diametru ap\u0103r\u0103toare lam\u0103: 92,2 mm<\/div>\n<div>Tel deta\u0219abil: 306 mm<\/div>\n<div>Lungime total\u0103: 614 mm<\/div>\n<div>Greutate net\u0103: 3,34 kg<\/div>\n<div>Nivel de zgomot: (1 m) &lt;80 dB(A)<\/div>\n<div>Unitate motor cu vitez\u0103 fix\u0103<\/div>\n","protected":false},"excerpt":{"rendered":"<p>Blender stick. Sarcin\u0103 total\u0103: 400 W; Pentru utilizare continu\u0103 \u00een rezervoare de p\u00e2n\u0103 la: 30 litri; Ad\u00e2ncime maxim\u0103 de lucru: 207,3 mm; Vitez\u0103 motor: 12.000 rpm; Diametru lam\u0103: 55 mm; Diametru ap\u0103r\u0103toare lam\u0103: 92,2 mm; Tel deta\u0219abil: 306 mm; Lungime total\u0103: 614 mm; Greutate net\u0103: 3,34 kg; Nivel de zgomot: (1 m) &lt;80 dB(A); Unitate motor cu vitez\u0103 fix\u0103.<\/p>\n","protected":false},"featured_media":43113,"template":"","meta":[],"_links":{"self":[{"href":"https:\/\/evotek.md\/ro\/wp-json\/wp\/v2\/product\/43110"}],"collection":[{"href":"https:\/\/evotek.md\/ro\/wp-json\/wp\/v2\/product"}],"about":[{"href":"https:\/\/evotek.md\/ro\/wp-json\/wp\/v2\/types\/product"}],"wp:featuredmedia":[{"embeddable":true,"href":"https:\/\/evotek.md\/ro\/wp-json\/wp\/v2\/media\/43113"}],"wp:attachment":[{"href":"https:\/\/evotek.md\/ro\/wp-json\/wp\/v2\/media?parent=43110"}],"curies":[{"name":"wp","href":"https:\/\/api.w.org\/{rel}","templated":true}]}}