{"id":43104,"date":"2026-03-21T13:54:47","date_gmt":"2026-03-21T13:54:47","guid":{"rendered":"https:\/\/evotek.md\/?post_type=product&#038;p=43104"},"modified":"2026-03-21T18:55:03","modified_gmt":"2026-03-21T18:55:03","slug":"sammic-xm-32","status":"publish","type":"product","link":"https:\/\/evotek.md\/ro\/produse\/echipamente-pentru-bar-si-cafea\/blendere-echipamente-pentru-bar\/sammic-xm-32\/","title":{"rendered":"BLENDER STICK 45 LITRI, 366 mm -SAMMIC-XM-32"},"content":{"rendered":"<div><strong>BLENDER STICK 45 LITRI, 366 mm -SAMMIC-XM-32-<\/strong> Blender de m\u00e2n\u0103 profesional conceput pentru prepararea unei variet\u0103\u021bi de feluri de m\u00e2ncare f\u0103r\u0103 a fi nevoie de accesorii suplimentare. Lam\u0103 profesional\u0103 \u00een form\u0103 de Y din o\u021bel c\u0103lit pentru o muchie de t\u0103iere de lung\u0103 durat\u0103. Vitez\u0103 fix\u0103. Conceput pentru utilizare \u00een recipiente de p\u00e2n\u0103 la 45L.<\/div>\n<div><\/div>\n<div>Caracteristici<\/div>\n<div>Sarcin\u0103 total\u0103: 400 W<\/div>\n<div>Pentru utilizare continu\u0103 \u00een rezervoare de p\u00e2n\u0103 la: 45 litri<\/div>\n<div>Ad\u00e2ncime maxim\u0103 de lucru: 247,3 mm<\/div>\n<div>Vitez\u0103 motor: 12.000 rpm<\/div>\n<div>Diametru lam\u0103: 55 mm<\/div>\n<div>Diametru ap\u0103r\u0103toare lam\u0103: 92,2 mm<\/div>\n<div>Tel deta\u0219abil: 366 mm<\/div>\n<div>Lungime total\u0103: 674 mm<\/div>\n<div>Greutate net\u0103: 3,56 kg<\/div>\n<div>Nivel de zgomot: (1 m) &lt;80 dB(A)<\/div>\n<div>Dimensiuni ambalaj: 455 x 475 x 117 mm<\/div>\n<div>Greutate brut\u0103: 4,55 kg<\/div>\n<div>Unitate motor cu vitez\u0103 fix\u0103<\/div>\n","protected":false},"excerpt":{"rendered":"<p>Blender stick. Sarcin\u0103 total\u0103: 400 W; Pentru utilizare continu\u0103 \u00een rezervoare de p\u00e2n\u0103 la: 45 litri; Ad\u00e2ncime maxim\u0103 de lucru: 247,3 mm; Vitez\u0103 motor: 12.000 rpm; Diametru lam\u0103: 55 mm; Diametru ap\u0103r\u0103toare lam\u0103: 92,2 mm; Tel deta\u0219abil: 366 mm; Lungime total\u0103: 674 mm; Greutate net\u0103: 3,56 kg; Nivel de zgomot: (1 m) &lt;80 dB(A); Dimensiuni ambalaj: 455 x 475 x 117 mm; Greutate brut\u0103: 4,55 kg; Unitate motor cu vitez\u0103 fix\u0103.<\/p>\n","protected":false},"featured_media":43107,"template":"","meta":[],"_links":{"self":[{"href":"https:\/\/evotek.md\/ro\/wp-json\/wp\/v2\/product\/43104"}],"collection":[{"href":"https:\/\/evotek.md\/ro\/wp-json\/wp\/v2\/product"}],"about":[{"href":"https:\/\/evotek.md\/ro\/wp-json\/wp\/v2\/types\/product"}],"wp:featuredmedia":[{"embeddable":true,"href":"https:\/\/evotek.md\/ro\/wp-json\/wp\/v2\/media\/43107"}],"wp:attachment":[{"href":"https:\/\/evotek.md\/ro\/wp-json\/wp\/v2\/media?parent=43104"}],"curies":[{"name":"wp","href":"https:\/\/api.w.org\/{rel}","templated":true}]}}