{"id":43093,"date":"2026-03-21T12:30:00","date_gmt":"2026-03-21T12:30:00","guid":{"rendered":"https:\/\/evotek.md\/?post_type=product&#038;p=43093"},"modified":"2026-03-21T18:55:37","modified_gmt":"2026-03-21T18:55:37","slug":"sammic-xm-22","status":"publish","type":"product","link":"https:\/\/evotek.md\/ro\/produse\/echipamente-pentru-bar-si-cafea\/blendere-echipamente-pentru-bar\/sammic-xm-22\/","title":{"rendered":"BLENDER STICK 15 LITRI, 300 mm -SAMMIC-XM-22"},"content":{"rendered":"<p><strong>BLENDER STICK 15 LITRI, 300 mm -SAMMIC-XM-52- <\/strong>Blender de m\u00e2n\u0103 profesional conceput pentru prepararea diverselor feluri de m\u00e2ncare f\u0103r\u0103 a fi nevoie de accesorii suplimentare. Lama profesional\u0103 \u00een form\u0103 de Y este fabricat\u0103 din o\u021bel c\u0103lit \u0219i ofer\u0103 o muchie de t\u0103iere de lung\u0103 durat\u0103. Vario Speed: vitez\u0103 reglabil\u0103. Smooth Control: control inteligent al vitezei. Noul sistem SmoothControl asigur\u0103 un r\u0103spuns mai rapid \u0219i o stabilitate mai mare a ma\u0219inii. De asemenea, \u00eembun\u0103t\u0103\u021be\u0219te pornirea sub sarcin\u0103 \u0219i limiteaz\u0103 accelera\u021bia excesiv\u0103 la scoaterea ma\u0219inii de pe o band\u0103 transportoare \u0219i la ralanti. Conceput pentru utilizare \u00een recipiente de p\u00e2n\u0103 la 15 litri.<\/p>\n<div><\/div>\n<div>Caracteristici<\/div>\n<div>Sarcin\u0103 total\u0103: 300 W<\/div>\n<div>Conceput pentru utilizare continu\u0103 \u00een rezervoare de p\u00e2n\u0103 la: 15 litri<\/div>\n<div>Ad\u00e2ncime maxim\u0103 de lucru: 203 mm<\/div>\n<div>Tura\u021bie motor: 1500 &#8211; 15.000 rpm<\/div>\n<div>Diametru lam\u0103: 50 mm<\/div>\n<div>Diametru ap\u0103r\u0103toare lam\u0103: 82 mm<\/div>\n<div>Tel deta\u0219abil: 300 mm<\/div>\n<div>Lungime total\u0103: 564 mm<\/div>\n<div>Greutate net\u0103: 2,39 kg<\/div>\n<div>Nivel zgomot: (1 m) &lt;80 dB(A)<\/div>\n<div>Dimensiuni ambalaj: 440x375x105 mm<\/div>\n<div>Greutate brut\u0103: 3,25 kg<\/div>\n","protected":false},"excerpt":{"rendered":"<p>Blender stick. Sarcin\u0103 total\u0103: 300 W; Pentru utilizare continu\u0103 \u00een rezervoare de p\u00e2n\u0103 la: 15 litri; Ad\u00e2ncime maxim\u0103 de lucru: 203 mm; Tura\u021bie motor: 1500 &#8211; 15.000 rpm; Diametru lam\u0103: 50 mm; Diametru ap\u0103r\u0103toare lam\u0103: 82 mm; Tel deta\u0219abil: 300 mm; Lungime total\u0103: 564 mm; Greutate net\u0103: 2,39 kg; Nivel zgomot: (1 m) &lt;80 dB(A); Dimensiuni ambalaj: 440x375x105 mm; Greutate brut\u0103: 3,25 kg.<\/p>\n","protected":false},"featured_media":43115,"template":"","meta":[],"_links":{"self":[{"href":"https:\/\/evotek.md\/ro\/wp-json\/wp\/v2\/product\/43093"}],"collection":[{"href":"https:\/\/evotek.md\/ro\/wp-json\/wp\/v2\/product"}],"about":[{"href":"https:\/\/evotek.md\/ro\/wp-json\/wp\/v2\/types\/product"}],"wp:featuredmedia":[{"embeddable":true,"href":"https:\/\/evotek.md\/ro\/wp-json\/wp\/v2\/media\/43115"}],"wp:attachment":[{"href":"https:\/\/evotek.md\/ro\/wp-json\/wp\/v2\/media?parent=43093"}],"curies":[{"name":"wp","href":"https:\/\/api.w.org\/{rel}","templated":true}]}}