{"id":43075,"date":"2026-03-21T12:02:29","date_gmt":"2026-03-21T12:02:29","guid":{"rendered":"https:\/\/evotek.md\/?post_type=product&#038;p=43075"},"modified":"2026-03-21T18:56:11","modified_gmt":"2026-03-21T18:56:11","slug":"sammic-xm-12","status":"publish","type":"product","link":"https:\/\/evotek.md\/ro\/produse\/echipamente-pentru-bar-si-cafea\/blendere-echipamente-pentru-bar\/sammic-xm-12\/","title":{"rendered":"BLENDER STICK 10 LITRI, 223 mm -SAMMIC-XM-12"},"content":{"rendered":"<div><strong>BLENDER STICK 10 LITRI, 223 mm -SAMMIC-XM-12-<\/strong> Versatilitate f\u0103r\u0103 unelte. Lam\u0103 profesional\u0103 cu trei lame, fabricat\u0103 din o\u021bel c\u0103lit, cu o muchie de t\u0103iere durabil\u0103. Vitez\u0103 variabil\u0103: Vitez\u0103 reglabil\u0103. Control uniform: Control inteligent al vitezei. Noul sistem SmoothControl ofer\u0103 un r\u0103spuns mai rapid \u0219i o stabilitate mai mare a ma\u0219inii. De asemenea, \u00eembun\u0103t\u0103\u021be\u0219te pornirea sub sarcin\u0103 \u0219i limiteaz\u0103 accelera\u021bia excesiv\u0103 la scoaterea ma\u0219inii de pe un transportor \u0219i la ralanti. Ideal pentru prepararea ingredientelor \u0219i asistarea la \u00eentre\u021binere. Conceput pentru confort maxim atunci c\u00e2nd este utilizat \u00een recipiente de p\u00e2n\u0103 la 10 litri.<\/div>\n<div><\/div>\n<div>Caracteristici<\/div>\n<div>Sarcin\u0103 total\u0103: 240 W<\/div>\n<div>Pentru utilizare continu\u0103 \u00een rezervoare de p\u00e2n\u0103 la: 10 litri<\/div>\n<div>Ad\u00e2ncime maxim\u0103 de lucru: 148,6 mm<\/div>\n<div>Tura\u021bie motor: 1500 &#8211; 15.000 rpm<\/div>\n<div>Diametru lam\u0103: 44 mm<\/div>\n<div>Diametru ap\u0103r\u0103toare lam\u0103: 65 mm<\/div>\n<div>Tel deta\u0219abil: 223 mm<\/div>\n<div>Lungime total\u0103: 448 mm<\/div>\n<div>Greutate net\u0103: 1,51 kg<\/div>\n<div>Nivel zgomot: (1 m) &lt;80 dB(A)<\/div>\n<div>Dimensiuni ambalaj: 496x80x180 mm<\/div>\n<div>Greutate brut\u0103: 1,94 kg<\/div>\n","protected":false},"excerpt":{"rendered":"<p>Blender stick. Sarcin\u0103 total\u0103: 240 W; Pentru utilizare continu\u0103 \u00een rezervoare de p\u00e2n\u0103 la: 10 litri; Ad\u00e2ncime maxim\u0103 de lucru: 148,6 mm; Tura\u021bie motor: 1500 &#8211; 15.000 rpm; Diametru lam\u0103: 44 mm; Diametru ap\u0103r\u0103toare lam\u0103: 65 mm; Tel deta\u0219abil: 223 mm; Lungime total\u0103: 448 mm; Greutate net\u0103: 1,51 kg; Nivel zgomot: (1 m) &lt;80 dB(A); Dimensiuni ambalaj: 496x80x180 mm; Greutate brut\u0103: 1,94 kg.<\/p>\n","protected":false},"featured_media":43078,"template":"","meta":[],"_links":{"self":[{"href":"https:\/\/evotek.md\/ro\/wp-json\/wp\/v2\/product\/43075"}],"collection":[{"href":"https:\/\/evotek.md\/ro\/wp-json\/wp\/v2\/product"}],"about":[{"href":"https:\/\/evotek.md\/ro\/wp-json\/wp\/v2\/types\/product"}],"wp:featuredmedia":[{"embeddable":true,"href":"https:\/\/evotek.md\/ro\/wp-json\/wp\/v2\/media\/43078"}],"wp:attachment":[{"href":"https:\/\/evotek.md\/ro\/wp-json\/wp\/v2\/media?parent=43075"}],"curies":[{"name":"wp","href":"https:\/\/api.w.org\/{rel}","templated":true}]}}