{"id":43066,"date":"2026-03-21T11:53:15","date_gmt":"2026-03-21T11:53:16","guid":{"rendered":"https:\/\/evotek.md\/?post_type=product&#038;p=43066"},"modified":"2026-03-21T11:59:20","modified_gmt":"2026-03-21T11:59:20","slug":"smartvide-7","status":"publish","type":"product","link":"https:\/\/evotek.md\/ro\/produse\/echipamente-termice\/sous-vide-2\/smartvide-7\/","title":{"rendered":"APARAT PENTRU SOUS VIDE, 56 LITRI -SAMMIC-SMARTVIDE 7"},"content":{"rendered":"<p><strong>APARAT PENTRU SOUS VIDE, 56 LITRI -SAMMIC-SMARTVIDE 5-<\/strong> Un sous-vide industrial de \u00eenalt\u0103 precizie. Fiabil, u\u0219or de utilizat \u0219i portabil.<br \/>\nComutabil \u00eentre \u00b0C \u0219i \u00b0F.<\/p>\n<p>Caracteristici<br \/>\nPrecizie afi\u0219are: 0,01\u00baC<br \/>\nInterval: 5\u00baC &#8211; 95\u00baC<br \/>\nToleran\u021b\u0103 temperatur\u0103 ambiant\u0103: 5\u00baC &#8211; 40\u00baC<br \/>\nRezolu\u021bie: 1&#8242;<br \/>\nDurata ciclului: 1&#8242; &#8211; 99 h<br \/>\nCapacitate maxim\u0103: 56 litri<br \/>\nSarcin\u0103 total\u0103: 2000 W<br \/>\nDimensiuni imersie: 117x110x147 mm<br \/>\nDimensiuni externe (LxAx\u00ce): 124x140x360 mm<br \/>\nGreutate net\u0103: 3,6 kg<br \/>\nDimensiuni ambalaj: 440x190x310 mm<br \/>\nGreutate brut\u0103: 5,5 kg<\/p>\n<p>&nbsp;<\/p>\n","protected":false},"excerpt":{"rendered":"<p>Sous vide. Precizie afi\u0219are: 0,01\u00baC; Interval: 5\u00baC &#8211; 95\u00baC; Toleran\u021b\u0103 temperatur\u0103 ambiant\u0103: 5\u00baC &#8211; 40\u00baC; Rezolu\u021bie: 1&#8242;; Durata ciclului: 1&#8242; &#8211; 99 h; Capacitate maxim\u0103: 56 litri; Sarcin\u0103 total\u0103: 2000 W; Dimensiuni imersie: 117x110x147 mm; Dimensiuni externe (LxAx\u00ce): 124x140x360 mm; Greutate net\u0103: 3,6 kg; Dimensiuni ambalaj: 440x190x310 mm; Greutate brut\u0103: 5,5 kg.<\/p>\n<p>&nbsp;<\/p>\n","protected":false},"featured_media":43068,"template":"","meta":[],"_links":{"self":[{"href":"https:\/\/evotek.md\/ro\/wp-json\/wp\/v2\/product\/43066"}],"collection":[{"href":"https:\/\/evotek.md\/ro\/wp-json\/wp\/v2\/product"}],"about":[{"href":"https:\/\/evotek.md\/ro\/wp-json\/wp\/v2\/types\/product"}],"wp:featuredmedia":[{"embeddable":true,"href":"https:\/\/evotek.md\/ro\/wp-json\/wp\/v2\/media\/43068"}],"wp:attachment":[{"href":"https:\/\/evotek.md\/ro\/wp-json\/wp\/v2\/media?parent=43066"}],"curies":[{"name":"wp","href":"https:\/\/api.w.org\/{rel}","templated":true}]}}