{"id":43058,"date":"2026-03-21T11:41:58","date_gmt":"2026-03-21T11:41:57","guid":{"rendered":"https:\/\/evotek.md\/?post_type=product&#038;p=43058"},"modified":"2026-03-21T11:47:50","modified_gmt":"2026-03-21T11:47:50","slug":"aparat-pentru-sous-vide-30-litri-sammic-smartvide-xl","status":"publish","type":"product","link":"https:\/\/evotek.md\/ro\/produse\/echipamente-termice\/sous-vide-2\/aparat-pentru-sous-vide-30-litri-sammic-smartvide-xl\/","title":{"rendered":"APARAT PENTRU SOUS VIDE, 120 LITRI -SAMMIC-SMARTVIDE XL"},"content":{"rendered":"<p><strong>APARAT PENTRU SOUS VIDE, 120 LITRI -SAMMIC-SMARTVIDE 5-<\/strong> Un sous-vide industrial de \u00eenalt\u0103 precizie. Fiabil, u\u0219or de utilizat \u0219i portabil.<br \/>\nComutabil \u00eentre \u00b0C \u0219i \u00b0F.<\/p>\n<p>Caracteristici<br \/>\nPrecizie afi\u0219are: 0,01\u00baC<br \/>\nInterval: 5\u00baC &#8211; 95\u00baC<br \/>\nToleran\u021b\u0103 temperatur\u0103 ambiant\u0103: 5\u00baC &#8211; 40\u00baC<br \/>\nRezolu\u021bie: 1&#8242;<br \/>\nDurata ciclului: 1&#8242; &#8211; 99 h<br \/>\nCapacitate maxim\u0103: 120 litri<br \/>\nSarcin\u0103 total\u0103: 2600 W<br \/>\nDimensiuni pies\u0103 de imersie: 117x110x197 mm<br \/>\nDimensiuni externe (LxAx\u00ce): 125x148x435 mm<br \/>\nGreutate net\u0103: 4,65 kg<br \/>\nConectare prin Bluetooth\/Wi-Fi.<br \/>\nCompatibil cu HACCP<br \/>\nSond\u0103 suplimentar\u0103 pentru controlul temperaturii<br \/>\nEcran tactil color de 5 inch<\/p>\n<p>&nbsp;<\/p>\n","protected":false},"excerpt":{"rendered":"<p>Sous vide. Precizie afi\u0219are: 0,01\u00baC; Interval: 5\u00baC &#8211; 95\u00baC; Toleran\u021b\u0103 temperatur\u0103 ambiant\u0103: 5\u00baC &#8211; 40\u00baC; Rezolu\u021bie: 1&#8242;; Durata ciclului: 1&#8242; &#8211; 99 h; Capacitate maxim\u0103: 120 litri; Sarcin\u0103 total\u0103: 2600 W; Dimensiuni pies\u0103 de imersie: 117x110x197 mm; Dimensiuni externe (LxAx\u00ce): 125x148x435 mm; Greutate net\u0103: 4,65 kg; Conectare prin Bluetooth\/Wi-Fi; Compatibil cu HACCP; Sond\u0103 suplimentar\u0103 pentru controlul temperaturii; Ecran tactil color de 5 inch.<\/p>\n","protected":false},"featured_media":43062,"template":"","meta":[],"_links":{"self":[{"href":"https:\/\/evotek.md\/ro\/wp-json\/wp\/v2\/product\/43058"}],"collection":[{"href":"https:\/\/evotek.md\/ro\/wp-json\/wp\/v2\/product"}],"about":[{"href":"https:\/\/evotek.md\/ro\/wp-json\/wp\/v2\/types\/product"}],"wp:featuredmedia":[{"embeddable":true,"href":"https:\/\/evotek.md\/ro\/wp-json\/wp\/v2\/media\/43062"}],"wp:attachment":[{"href":"https:\/\/evotek.md\/ro\/wp-json\/wp\/v2\/media?parent=43058"}],"curies":[{"name":"wp","href":"https:\/\/api.w.org\/{rel}","templated":true}]}}