{"id":43048,"date":"2026-03-21T11:19:17","date_gmt":"2026-03-21T11:19:18","guid":{"rendered":"https:\/\/evotek.md\/?post_type=product&#038;p=43048"},"modified":"2026-03-21T11:40:00","modified_gmt":"2026-03-21T11:40:00","slug":"sammic-smartvide-5","status":"publish","type":"product","link":"https:\/\/evotek.md\/ro\/produse\/echipamente-termice\/sous-vide-2\/sammic-smartvide-5\/","title":{"rendered":"APARAT PENTRU SOUS VIDE, 30 LITRI -SAMMIC-SMARTVIDE 5"},"content":{"rendered":"<p><strong>APARAT PENTRU SOUS VIDE, 30 LITRI -SAMMIC-SMARTVIDE 5-<\/strong> Un sous-vide industrial de \u00eenalt\u0103 precizie. Fiabil, u\u0219or de utilizat \u0219i portabil.<br \/>\nComutabil \u00eentre \u00b0C \u0219i \u00b0F.<\/p>\n<p>Caracteristici<br \/>\nPrecizie afi\u0219are: 0,01\u00baC<br \/>\nInterval: 5\u00baC &#8211; 95\u00baC<br \/>\nTemperatur\u0103 ambiental\u0103 admis\u0103: 5\u00baC &#8211; 40\u00baC<br \/>\nRezolu\u021bie: 1&#8242;<br \/>\nDurata ciclului: 1&#8242; &#8211; 99 h<br \/>\nCapacitate maxim\u0103 receptor: 30 litri<br \/>\nSarcin\u0103 total\u0103: 1600 W<br \/>\nDimensiuni pies\u0103 de imersie: 116x94x147 mm<br \/>\nDimensiuni externe (LxAx\u00ce): 116x128x330 mm<br \/>\nGreutate net\u0103: 3,1 kg<br \/>\nDimensiuni ambalaj: 410x185x285 mm<br \/>\nGreutate brut\u0103: 5 kg<br \/>\nConexiune la Bluetooth<\/p>\n<p>&nbsp;<\/p>\n","protected":false},"excerpt":{"rendered":"<p>Sous vide. Precizie afi\u0219are: 0,01\u00baC; Interval: 5\u00baC &#8211; 95\u00baC; Temperatur\u0103 ambiental\u0103 admis\u0103: 5\u00baC &#8211; 40\u00baC; Rezolu\u021bie: 1&#8242;; Durata ciclului: 1&#8242; &#8211; 99 h; Capacitate maxim\u0103 receptor: 30 litri; Sarcin\u0103 total\u0103: 1600 W; Dimensiuni pies\u0103 de imersie: 116x94x147 mm; Dimensiuni externe (LxAx\u00ce): 116x128x330 mm; Greutate net\u0103: 3,1 kg; Dimensiuni ambalaj: 410x185x285 mm; Greutate brut\u0103: 5 kg; Conexiune la Bluetooth.<\/p>\n","protected":false},"featured_media":43050,"template":"","meta":[],"_links":{"self":[{"href":"https:\/\/evotek.md\/ro\/wp-json\/wp\/v2\/product\/43048"}],"collection":[{"href":"https:\/\/evotek.md\/ro\/wp-json\/wp\/v2\/product"}],"about":[{"href":"https:\/\/evotek.md\/ro\/wp-json\/wp\/v2\/types\/product"}],"wp:featuredmedia":[{"embeddable":true,"href":"https:\/\/evotek.md\/ro\/wp-json\/wp\/v2\/media\/43050"}],"wp:attachment":[{"href":"https:\/\/evotek.md\/ro\/wp-json\/wp\/v2\/media?parent=43048"}],"curies":[{"name":"wp","href":"https:\/\/api.w.org\/{rel}","templated":true}]}}