{"id":43030,"date":"2026-03-21T10:40:09","date_gmt":"2026-03-21T10:40:09","guid":{"rendered":"https:\/\/evotek.md\/?post_type=product&#038;p=43030"},"modified":"2026-03-21T10:54:21","modified_gmt":"2026-03-21T10:54:21","slug":"sammic-bb-900","status":"publish","type":"product","link":"https:\/\/evotek.md\/ro\/produse\/echipamente-pentru-bar-si-cafea\/mixer-lactate\/sammic-bb-900\/","title":{"rendered":"MIXER PENTRU LACTATE ORDINAR (MILKSHAKER) -SAMMIC-BB-900"},"content":{"rendered":"<p><strong>MIXER PENTRU LACTATE ORDINAR (MILKSHAKER) -SAMMIC-BB-900- <\/strong>Ideal pentru toate tipurile de b\u0103uturi \u0219i milkshake-uri.<\/p>\n<div>Caracteristici<br \/>\nPahar din inox<\/div>\n<div>Capacitate pahar: 1 litru<\/div>\n<div>\u00cenc\u0103rcare total\u0103: 150 W<\/div>\n<div>L\u0103\u021bime: 160 mm<\/div>\n<div>Ad\u00e2ncime: 200 mm<\/div>\n<div>\u00cen\u0103l\u021bime: 550 mm<\/div>\n<div>Greutate net\u0103: 3 kg<\/div>\n<div>Dimensiuni ambalaj: 230x230x575 mm<\/div>\n<div>Greutate brut\u0103: 5 kg<\/div>\n<p>&nbsp;<\/p>\n<p>&nbsp;<\/p>\n","protected":false},"excerpt":{"rendered":"<p>Mixer pentru lactate cu un pahar.Pahar din inox; Capacitate pahar: 1 litru; \u00cenc\u0103rcare total\u0103: 150 W; L\u0103\u021bime: 160 mm; Ad\u00e2ncime: 200 mm; \u00cen\u0103l\u021bime: 550 mm; Greutate net\u0103: 3 kg; Dimensiuni ambalaj: 230x230x575 mm; Greutate brut\u0103: 5 kg.<\/p>\n","protected":false},"featured_media":43035,"template":"","meta":[],"_links":{"self":[{"href":"https:\/\/evotek.md\/ro\/wp-json\/wp\/v2\/product\/43030"}],"collection":[{"href":"https:\/\/evotek.md\/ro\/wp-json\/wp\/v2\/product"}],"about":[{"href":"https:\/\/evotek.md\/ro\/wp-json\/wp\/v2\/types\/product"}],"wp:featuredmedia":[{"embeddable":true,"href":"https:\/\/evotek.md\/ro\/wp-json\/wp\/v2\/media\/43035"}],"wp:attachment":[{"href":"https:\/\/evotek.md\/ro\/wp-json\/wp\/v2\/media?parent=43030"}],"curies":[{"name":"wp","href":"https:\/\/api.w.org\/{rel}","templated":true}]}}