{"id":43026,"date":"2026-03-21T10:29:07","date_gmt":"2026-03-21T10:29:06","guid":{"rendered":"https:\/\/evotek.md\/?post_type=product&#038;p=43026"},"modified":"2026-03-21T10:34:35","modified_gmt":"2026-03-21T10:34:35","slug":"tb-1500","status":"publish","type":"product","link":"https:\/\/evotek.md\/ro\/produse\/echipamente-electromecanice\/blendere\/tb-1500\/","title":{"rendered":"BLENDER, 1.5 LITRI -SAMMIC-TB-1500"},"content":{"rendered":"<p><strong>BLENDER, 1.5 LITRI -SAMMIC-TB-1500-<\/strong>\u00a0 Blender pentru alimente \u0219i b\u0103uturi este ideal pentru cafenele restaurante si institu\u021bii unde este necesar\u0103 o m\u0103cinare foarte fin\u0103.<\/p>\n<p>Caracteristici<br \/>\nCapacitate: 1,5 litri<br \/>\nSarcin\u0103 total\u0103: 1200 W<br \/>\n2 viteze &#8211; 28.000 rpm<br \/>\nL\u0103\u021bime: 200 mm<br \/>\nAd\u00e2ncime: 240 mm<br \/>\n\u00cen\u0103l\u021bime: 420 mm<br \/>\nGreutate net\u0103: 4,8 kg<br \/>\nDimensiuni cu ambalaj: 230x420x250 mm<br \/>\nGreutate brut\u0103: 5 kg<br \/>\nAparatul dispune de vitez\u0103 variabil\u0103 \u0219i buton cu impulsuri<br \/>\nBaz\u0103 durabil\u0103, rezistent\u0103 la uzur\u0103<\/p>\n","protected":false},"excerpt":{"rendered":"<p>Blender profesional 1.5 litri. Capacitate: 1,5 litri; Sarcin\u0103 total\u0103: 1200 W; 2 viteze &#8211; 28.000 rpm; L\u0103\u021bime: 200 mm; Ad\u00e2ncime: 240 mm; \u00cen\u0103l\u021bime: 420 mm; Greutate net\u0103: 4,8 kg; Dimensiuni cu ambalaj: 230x420x250 mm; Greutate brut\u0103: 5 kg; Aparatul dispune de vitez\u0103 variabil\u0103 \u0219i buton cu impulsuri; Baz\u0103 durabil\u0103, rezistent\u0103 la uzur\u0103.<\/p>\n","protected":false},"featured_media":43029,"template":"","meta":[],"_links":{"self":[{"href":"https:\/\/evotek.md\/ro\/wp-json\/wp\/v2\/product\/43026"}],"collection":[{"href":"https:\/\/evotek.md\/ro\/wp-json\/wp\/v2\/product"}],"about":[{"href":"https:\/\/evotek.md\/ro\/wp-json\/wp\/v2\/types\/product"}],"wp:featuredmedia":[{"embeddable":true,"href":"https:\/\/evotek.md\/ro\/wp-json\/wp\/v2\/media\/43029"}],"wp:attachment":[{"href":"https:\/\/evotek.md\/ro\/wp-json\/wp\/v2\/media?parent=43026"}],"curies":[{"name":"wp","href":"https:\/\/api.w.org\/{rel}","templated":true}]}}