{"id":43022,"date":"2026-03-21T10:05:02","date_gmt":"2026-03-21T10:05:02","guid":{"rendered":"https:\/\/evotek.md\/?post_type=product&#038;p=43022"},"modified":"2026-03-21T10:20:00","modified_gmt":"2026-03-21T10:20:00","slug":"sammic-tb-2000","status":"publish","type":"product","link":"https:\/\/evotek.md\/ro\/produse\/echipamente-electromecanice\/blendere\/sammic-tb-2000\/","title":{"rendered":"BLENDER, 2 LITRI -SAMMIC-TB-2000"},"content":{"rendered":"<p><strong>BLENDER, 2 LITRI -SAMMIC-TB-2000-<\/strong> Blender puternic cu bol de 2 litri. Blender pentru alimente \u0219i b\u0103uturi este ideal pentru cafenele restaurante si institu\u021bii unde este necesar\u0103 o m\u0103cinare foarte fin\u0103.<\/p>\n<p>Caracteristici<br \/>\nVolum: 2 litri<br \/>\nSarcin\u0103 total\u0103: 1200 W<br \/>\nVitez\u0103 reglabil\u0103: Da<br \/>\nVitez\u0103 (maxim\u0103): 28.000 rpm<br \/>\nL\u0103\u021bime: 205 mm<br \/>\nAd\u00e2ncime: 230 mm<br \/>\n\u00cen\u0103l\u021bime: 510 mm<br \/>\nGreutate net\u0103: 4,3 kg<br \/>\nBaz\u0103 durabil\u0103, rezistent\u0103 la uzur\u0103<\/p>\n","protected":false},"excerpt":{"rendered":"<p>Blender profesional 2 litri. Volum: 2 litri; Sarcin\u0103 total\u0103: 1200 W; Vitez\u0103 reglabil\u0103: Da; Vitez\u0103 (maxim\u0103): 28.000 rpm; L\u0103\u021bime: 205 mm; Ad\u00e2ncime: 230 mm; \u00cen\u0103l\u021bime: 510 mm; Greutate net\u0103: 4,3 kg; Baz\u0103 durabil\u0103, rezistent\u0103 la uzur\u0103.<\/p>\n","protected":false},"featured_media":43025,"template":"","meta":[],"_links":{"self":[{"href":"https:\/\/evotek.md\/ro\/wp-json\/wp\/v2\/product\/43022"}],"collection":[{"href":"https:\/\/evotek.md\/ro\/wp-json\/wp\/v2\/product"}],"about":[{"href":"https:\/\/evotek.md\/ro\/wp-json\/wp\/v2\/types\/product"}],"wp:featuredmedia":[{"embeddable":true,"href":"https:\/\/evotek.md\/ro\/wp-json\/wp\/v2\/media\/43025"}],"wp:attachment":[{"href":"https:\/\/evotek.md\/ro\/wp-json\/wp\/v2\/media?parent=43022"}],"curies":[{"name":"wp","href":"https:\/\/api.w.org\/{rel}","templated":true}]}}