{"id":42981,"date":"2026-02-16T12:54:32","date_gmt":"2026-02-16T12:54:32","guid":{"rendered":"https:\/\/evotek.md\/?post_type=product&#038;p=42981"},"modified":"2026-02-16T14:54:33","modified_gmt":"2026-02-16T14:54:33","slug":"combustibil-pentru-chafing-dish-24-bucati-st-430001","status":"publish","type":"product","link":"https:\/\/evotek.md\/ro\/produse\/echipamente-termice\/chafing-dish\/combustibil-pentru-chafing-dish-24-bucati-st-430001\/","title":{"rendered":"COMBUSTIBIL PENTRU CHAFING DISH, LICHID (IN CUTIE) -ST-430001"},"content":{"rendered":"<p><strong>COMBUSTIBIL PENTRU CHAFING DISH, LICHID (IN CUTIE) -ST-430001<\/strong><br \/>\nCombustibil pentru chafing dish<\/p>\n<p>Caracteristici<br \/>\nTimp de ardere: aproximativ 4-6 ore<br \/>\nSigur, f\u0103r\u0103 miros<br \/>\nReutilizabil datorit\u0103 reaprinderii<br \/>\nFitilul de bumbac asigur\u0103 o temperatur\u0103 de ardere \u0219i o dimensiune constant\u0103 a fl\u0103c\u0103rii<br \/>\nInelul de o\u021bel din interiorul cutiei previne scurgerile de combustibil<br \/>\nCapacul etan\u0219 permite transportul \u0219i depozitarea u\u0219oar\u0103 \u00een timpul utiliz\u0103rii<br \/>\nIn ambalaj: 24 de buc\u0103\u021bi<\/p>\n","protected":false},"excerpt":{"rendered":"<p>Combustibil pentru chafing dish. Timp de ardere: aproximativ 4-6 ore; Sigur, f\u0103r\u0103 miros; Reutilizabil datorit\u0103 reaprinderii; Fitilul de bumbac asigur\u0103 o temperatur\u0103 de ardere \u0219i o dimensiune constant\u0103 a fl\u0103c\u0103rii; Inelul de o\u021bel din interiorul cutiei previne scurgerile de combustibil; Capacul etan\u0219 permite transportul \u0219i depozitarea u\u0219oar\u0103 \u00een timpul utiliz\u0103rii; In ambalaj: 24 de buc\u0103\u021bi.<\/p>\n","protected":false},"featured_media":42984,"template":"","meta":[],"_links":{"self":[{"href":"https:\/\/evotek.md\/ro\/wp-json\/wp\/v2\/product\/42981"}],"collection":[{"href":"https:\/\/evotek.md\/ro\/wp-json\/wp\/v2\/product"}],"about":[{"href":"https:\/\/evotek.md\/ro\/wp-json\/wp\/v2\/types\/product"}],"wp:featuredmedia":[{"embeddable":true,"href":"https:\/\/evotek.md\/ro\/wp-json\/wp\/v2\/media\/42984"}],"wp:attachment":[{"href":"https:\/\/evotek.md\/ro\/wp-json\/wp\/v2\/media?parent=42981"}],"curies":[{"name":"wp","href":"https:\/\/api.w.org\/{rel}","templated":true}]}}