{"id":42974,"date":"2026-02-12T15:01:42","date_gmt":"2026-02-12T15:01:42","guid":{"rendered":"https:\/\/evotek.md\/?post_type=product&#038;p=42974"},"modified":"2026-02-12T15:11:50","modified_gmt":"2026-02-12T15:11:50","slug":"st438010","status":"publish","type":"product","link":"https:\/\/evotek.md\/ro\/produse\/echipamente-termice\/chafing-dish\/st438010\/","title":{"rendered":"CHAFING DISH INCLINAT -ST-438010"},"content":{"rendered":"<div><strong>CHAFING DISH INCLINAT -ST-438010-<\/strong> Acest vas chafindish este conceput pentru a men\u021bine temperatura dorit\u0103 a m\u00e2nc\u0103rurilor g\u0103tite \u0219i este utilizat pentru servire. Ideal pentru bufeturi sau catering. Dispozitivul este \u00eenc\u0103lzit cu un combustibil special care men\u021bine o temperatur\u0103 constant\u0103 \u00een interiorul \u00eenc\u0103lzitorului. \u00cenc\u0103lzitorul este compatibil cu plitele cu induc\u021bie \u0219i se potrive\u0219te cu recipientele GN 1\/1.<\/div>\n<div><\/div>\n<div>Caracteristici<\/div>\n<div>Material: o\u021bel inoxidabil<br \/>\nL\u0103\u021bime: 630 mm<br \/>\nAd\u00e2ncime: 500 mm<br \/>\n\u00cen\u0103l\u021bime: 270 mm<br \/>\nPotrivit pentru recipiente GN 1\/1<br \/>\nInc\u0103lzitorul poate fi scos de pe baz\u0103 \u0219i utilizat pe o plit\u0103 cu induc\u021bie<br \/>\nInclude: 2 recipiente de combustibil<br \/>\nCapac cu \u00eenchidere silen\u021bioas\u0103, demontare u\u0219oar\u0103 \u0219i rapid\u0103<\/div>\n","protected":false},"excerpt":{"rendered":"<p>Chafing dish. Material: o\u021bel inoxidabil; L\u0103\u021bime: 630 mm; Ad\u00e2ncime: 500 mm; \u00cen\u0103l\u021bime: 270 mm; Potrivit pentru recipiente GN 1\/1; Inc\u0103lzitorul poate fi scos de pe baz\u0103 \u0219i utilizat pe o plit\u0103 cu induc\u021bie; Include: 2 recipiente de combustibil; Capac cu \u00eenchidere silen\u021bioas\u0103, demontare u\u0219oar\u0103 \u0219i rapid\u0103.<\/p>\n","protected":false},"featured_media":42962,"template":"","meta":[],"_links":{"self":[{"href":"https:\/\/evotek.md\/ro\/wp-json\/wp\/v2\/product\/42974"}],"collection":[{"href":"https:\/\/evotek.md\/ro\/wp-json\/wp\/v2\/product"}],"about":[{"href":"https:\/\/evotek.md\/ro\/wp-json\/wp\/v2\/types\/product"}],"wp:featuredmedia":[{"embeddable":true,"href":"https:\/\/evotek.md\/ro\/wp-json\/wp\/v2\/media\/42962"}],"wp:attachment":[{"href":"https:\/\/evotek.md\/ro\/wp-json\/wp\/v2\/media?parent=42974"}],"curies":[{"name":"wp","href":"https:\/\/api.w.org\/{rel}","templated":true}]}}