{"id":42967,"date":"2026-02-11T17:44:05","date_gmt":"2026-02-11T17:44:05","guid":{"rendered":"https:\/\/evotek.md\/?post_type=product&#038;p=42967"},"modified":"2026-02-12T14:59:14","modified_gmt":"2026-02-12T14:59:14","slug":"st433241","status":"publish","type":"product","link":"https:\/\/evotek.md\/ro\/produse\/echipamente-termice\/chafing-dish\/st433241\/","title":{"rendered":"CHAFING DISH ELECTRIC, DOUA RECIPIENTE (ROTUNDE) 4+4 LITRI -ST-433241"},"content":{"rendered":"<div><strong>CHAFING DISH ELECTRIC, DOUA RECIPIENTE (ROTUNDE) 4+4 LITRI -ST-433241-<\/strong> Acest vas chafindish este conceput pentru a men\u021bine temperatura dorit\u0103 a m\u00e2nc\u0103rurilor g\u0103tite \u0219i este utilizat pentru servire. Ideal pentru bufeturi sau catering.<\/div>\n<div><\/div>\n<div>Caracteristici<\/div>\n<div>Material: O\u021bel inoxidabil<br \/>\nNum\u0103r de recipiente: 2<br \/>\nCapacitate: 4 litri fiecare<br \/>\nTensiune: 230 V<br \/>\nPutere: 2 kW<br \/>\nL\u0103\u021bime: 620 mm<br \/>\nAd\u00e2ncime: 480 mm<br \/>\n\u00cen\u0103l\u021bime: 310 mm<br \/>\n\u00cenc\u0103lzitor termic cu termostat<br \/>\nInclude: 2 recipiente, 2 capace, 2 linguri<br \/>\nFolose\u0219te ap\u0103 cu o duritate de p\u00e2n\u0103 la 6\u00b0dH pe scara german\u0103<\/div>\n","protected":false},"excerpt":{"rendered":"<p>Chafing dish electric. Material: O\u021bel inoxidabil; Num\u0103r de recipiente: 2; Capacitate: 4 litri fiecare; Tensiune: 230 V; Putere: 2 kW; L\u0103\u021bime: 620 mm; Ad\u00e2ncime: 480 mm; \u00cen\u0103l\u021bime: 310 mm; \u00cenc\u0103lzitor termic cu termostat; Include: 2 recipiente, 2 capace, 2 linguri; Folose\u0219te ap\u0103 cu o duritate de p\u00e2n\u0103 la 6\u00b0dH pe scara german\u0103.<\/p>\n","protected":false},"featured_media":42969,"template":"","meta":[],"_links":{"self":[{"href":"https:\/\/evotek.md\/ro\/wp-json\/wp\/v2\/product\/42967"}],"collection":[{"href":"https:\/\/evotek.md\/ro\/wp-json\/wp\/v2\/product"}],"about":[{"href":"https:\/\/evotek.md\/ro\/wp-json\/wp\/v2\/types\/product"}],"wp:featuredmedia":[{"embeddable":true,"href":"https:\/\/evotek.md\/ro\/wp-json\/wp\/v2\/media\/42969"}],"wp:attachment":[{"href":"https:\/\/evotek.md\/ro\/wp-json\/wp\/v2\/media?parent=42967"}],"curies":[{"name":"wp","href":"https:\/\/api.w.org\/{rel}","templated":true}]}}