{"id":42959,"date":"2026-02-11T16:51:30","date_gmt":"2026-02-11T16:51:30","guid":{"rendered":"https:\/\/evotek.md\/?post_type=product&#038;p=42959"},"modified":"2026-02-11T16:54:58","modified_gmt":"2026-02-11T16:54:58","slug":"st437010","status":"publish","type":"product","link":"https:\/\/evotek.md\/ro\/produse\/echipamente-termice\/chafing-dish\/st437010\/","title":{"rendered":"CHAFING DISH, CAPAC RULANT, 9 LITRI -ST-437010"},"content":{"rendered":"<div><strong>CHAFING DISH, CAPAC RULANT, 9 LITRI -ST-437010-<\/strong> Acest vas chafindish este conceput pentru a men\u021bine temperatura dorit\u0103 a m\u00e2nc\u0103rurilor g\u0103tite \u0219i este utilizat pentru servire. Ideal pentru bufeturi sau catering.<\/div>\n<div><\/div>\n<div>Caracteristici<\/div>\n<div>Material: o\u021bel inoxidabil<br \/>\nCapacitate: 9 litri<br \/>\nL\u0103\u021bime: 670 mm<br \/>\nAd\u00e2ncime: 520 mm<br \/>\n\u00cen\u0103l\u021bime: 450 mm<br \/>\nCapac cu deschidere la 180\u00b0<br \/>\nInclude: 2 recipiente pentru arzatoare, si un recipient GN 1\/1 h65 mm<\/div>\n","protected":false},"excerpt":{"rendered":"<p>Chafing dish. Material: o\u021bel inoxidabil; Capacitate: 9 litri; L\u0103\u021bime: 670 mm; Ad\u00e2ncime: 520 mm; \u00cen\u0103l\u021bime: 450 mm; Capac cu deschidere la 180\u00b0; Include: 2 recipiente pentru arzatoare, si un recipient GN 1\/1 h65 mm.<\/p>\n","protected":false},"featured_media":42962,"template":"","meta":[],"_links":{"self":[{"href":"https:\/\/evotek.md\/ro\/wp-json\/wp\/v2\/product\/42959"}],"collection":[{"href":"https:\/\/evotek.md\/ro\/wp-json\/wp\/v2\/product"}],"about":[{"href":"https:\/\/evotek.md\/ro\/wp-json\/wp\/v2\/types\/product"}],"wp:featuredmedia":[{"embeddable":true,"href":"https:\/\/evotek.md\/ro\/wp-json\/wp\/v2\/media\/42962"}],"wp:attachment":[{"href":"https:\/\/evotek.md\/ro\/wp-json\/wp\/v2\/media?parent=42959"}],"curies":[{"name":"wp","href":"https:\/\/api.w.org\/{rel}","templated":true}]}}