{"id":42942,"date":"2026-02-09T16:15:29","date_gmt":"2026-02-09T16:15:29","guid":{"rendered":"https:\/\/evotek.md\/?post_type=product&#038;p=42942"},"modified":"2026-02-09T16:24:31","modified_gmt":"2026-02-09T16:24:31","slug":"st435090","status":"publish","type":"product","link":"https:\/\/evotek.md\/ro\/produse\/echipamente-termice\/chafing-dish\/st435090\/","title":{"rendered":"CHAFING DISH ELECTRIC 8 LITRI -ST-435090"},"content":{"rendered":"<div><strong>CHAFING DISH ELECTRIC 8 LITRI -ST-435090-<\/strong> Acest vas chafindish este conceput pentru a men\u021bine temperatura dorit\u0103 a m\u00e2nc\u0103rurilor g\u0103tite \u0219i este utilizat pentru servire. Ideal pentru bufeturi sau catering.<\/div>\n<div><\/div>\n<div>Caracteristici<\/div>\n<div>Dimensiune recipient: GN 1\/1 (530&#215;325)<br \/>\nTensiune: 230 V<br \/>\nPutere: 0,76 kW\/h<br \/>\nLungime: 570 mm<br \/>\nL\u0103\u021bime: 350 mm<br \/>\n\u00cen\u0103l\u021bime: 285 mm<br \/>\nTip instalare: de mas\u0103<br \/>\nMaterial carcasa: plastic<br \/>\nCapac: deta\u0219abil din o\u021bel inoxidabil<br \/>\nSistem de control electromecanic<br \/>\nTermostat electric<\/div>\n","protected":false},"excerpt":{"rendered":"<p>Chafing dish. Dimensiune recipient: GN 1\/1 (530&#215;325); Tensiune: 230 V; Putere: 0,76 kW\/h; Lungime: 570 mm; L\u0103\u021bime: 350 mm; \u00cen\u0103l\u021bime: 285 mm; Tip instalare: de mas\u0103; Material carcasa: plastic; Capac: deta\u0219abil din o\u021bel inoxidabil; Material capac: o\u021bel inoxidabil; Sistem de control electromecanic; Termostat electric.<\/p>\n","protected":false},"featured_media":42945,"template":"","meta":[],"_links":{"self":[{"href":"https:\/\/evotek.md\/ro\/wp-json\/wp\/v2\/product\/42942"}],"collection":[{"href":"https:\/\/evotek.md\/ro\/wp-json\/wp\/v2\/product"}],"about":[{"href":"https:\/\/evotek.md\/ro\/wp-json\/wp\/v2\/types\/product"}],"wp:featuredmedia":[{"embeddable":true,"href":"https:\/\/evotek.md\/ro\/wp-json\/wp\/v2\/media\/42945"}],"wp:attachment":[{"href":"https:\/\/evotek.md\/ro\/wp-json\/wp\/v2\/media?parent=42942"}],"curies":[{"name":"wp","href":"https:\/\/api.w.org\/{rel}","templated":true}]}}