{"id":42922,"date":"2026-02-09T15:23:34","date_gmt":"2026-02-09T15:23:34","guid":{"rendered":"https:\/\/evotek.md\/?post_type=product&#038;p=42922"},"modified":"2026-02-09T15:39:56","modified_gmt":"2026-02-09T15:39:56","slug":"st437021","status":"publish","type":"product","link":"https:\/\/evotek.md\/ro\/produse\/echipamente-termice\/chafing-dish\/st437021\/","title":{"rendered":"CHAFING DISH, CAPAC RULANT (ROTUND) 6,3 LITRI -ST-437021"},"content":{"rendered":"<p><strong>CHAFING DISH, CAPAC RULANT (ROTUND) 6,3 LITRI -ST-437021-<\/strong> Acest recipient pentru g\u0103tit este conceput pentru a men\u021bine temperatura dorit\u0103 a alimentelor g\u0103tite \u0219i este utilizat pentru servire. Ideal pentru bufeturi sau catering.<\/p>\n<p>Caracteristici<br \/>\nMaterial: O\u021bel inoxidabil<br \/>\nCapacitate: 6,3 litri<br \/>\nL\u0103\u021bime: 530 mm<br \/>\nAd\u00e2ncime: 530 mm<br \/>\n\u00cen\u0103l\u021bime: 470 mm<br \/>\nCapac cu deschidere rulanta (de la 90\u00b0 la 180\u00b0)<br \/>\nInclude: 1 recipient pentru arzatoare, recipient rotund pentru alimente<br \/>\nIdeal pentru bufeturi \u0219i catering<\/p>\n","protected":false},"excerpt":{"rendered":"<p>Chafing dish. Material: O\u021bel inoxidabil; Capacitate: 6,3 litri; L\u0103\u021bime: 530 mm; Ad\u00e2ncime: 530 mm; \u00cen\u0103l\u021bime: 470 mm; Capac cu deschidere rulanta (de la 90\u00b0 la 180\u00b0); Include: 1 recipient pentru arzatoare, recipient rotund pentru alimente; Ideal pentru bufeturi \u0219i catering.<\/p>\n","protected":false},"featured_media":42926,"template":"","meta":[],"_links":{"self":[{"href":"https:\/\/evotek.md\/ro\/wp-json\/wp\/v2\/product\/42922"}],"collection":[{"href":"https:\/\/evotek.md\/ro\/wp-json\/wp\/v2\/product"}],"about":[{"href":"https:\/\/evotek.md\/ro\/wp-json\/wp\/v2\/types\/product"}],"wp:featuredmedia":[{"embeddable":true,"href":"https:\/\/evotek.md\/ro\/wp-json\/wp\/v2\/media\/42926"}],"wp:attachment":[{"href":"https:\/\/evotek.md\/ro\/wp-json\/wp\/v2\/media?parent=42922"}],"curies":[{"name":"wp","href":"https:\/\/api.w.org\/{rel}","templated":true}]}}