{"id":42905,"date":"2026-02-06T14:30:53","date_gmt":"2026-02-06T14:30:53","guid":{"rendered":"https:\/\/evotek.md\/?post_type=product&#038;p=42905"},"modified":"2026-02-09T15:45:45","modified_gmt":"2026-02-09T15:45:45","slug":"chafing-dish-doua-recipiente-44-litri-st-433240","status":"publish","type":"product","link":"https:\/\/evotek.md\/ro\/produse\/echipamente-termice\/chafing-dish\/chafing-dish-doua-recipiente-44-litri-st-433240\/","title":{"rendered":"CHAFING DISH, DOUA RECIPIENTE (ROTUNDE) 4+4 LITRI -ST-433240"},"content":{"rendered":"<div><strong>CHAFING DISH, DOUA RECIPIENTE (ROTUNDE) 4+4 LITRI -ST-433240-<\/strong> Acest vas chafindish este conceput pentru a men\u021bine temperatura dorit\u0103 a m\u00e2nc\u0103rurilor g\u0103tite \u0219i este utilizat pentru servire. Ideal pentru bufeturi sau catering.<\/div>\n<div><\/div>\n<div>Caracteristici<\/div>\n<div>Material: o\u021bel inoxidabil<br \/>\nNum\u0103r de recipiente: 2<br \/>\nCapace deta\u0219abile<br \/>\nCapacitate: 4 litri fiecare<br \/>\nL\u0103\u021bime: 660 mm<br \/>\nAd\u00e2ncime: 335 mm<br \/>\n\u00cen\u0103l\u021bime: 400 mm<\/p>\n<div>Include: 2 recipiente pentru arzatoare \u0219i 1 recipient GN 1\/1 h100 mm<\/div>\n<\/div>\n","protected":false},"excerpt":{"rendered":"<p>Chafing dish. Material: o\u021bel inoxidabil; Num\u0103r de recipiente: 2; Capace deta\u0219abile; Capacitate: 4 litri fiecare; L\u0103\u021bime: 660 mm; Ad\u00e2ncime: 335 mm; \u00cen\u0103l\u021bime: 400 mm; Include: 2 recipiente pentru arzatoare \u0219i 1 recipient GN 1\/1 h100 mm.<\/p>\n","protected":false},"featured_media":42908,"template":"","meta":[],"_links":{"self":[{"href":"https:\/\/evotek.md\/ro\/wp-json\/wp\/v2\/product\/42905"}],"collection":[{"href":"https:\/\/evotek.md\/ro\/wp-json\/wp\/v2\/product"}],"about":[{"href":"https:\/\/evotek.md\/ro\/wp-json\/wp\/v2\/types\/product"}],"wp:featuredmedia":[{"embeddable":true,"href":"https:\/\/evotek.md\/ro\/wp-json\/wp\/v2\/media\/42908"}],"wp:attachment":[{"href":"https:\/\/evotek.md\/ro\/wp-json\/wp\/v2\/media?parent=42905"}],"curies":[{"name":"wp","href":"https:\/\/api.w.org\/{rel}","templated":true}]}}