{"id":42902,"date":"2026-02-06T14:20:21","date_gmt":"2026-02-06T14:20:21","guid":{"rendered":"https:\/\/evotek.md\/?post_type=product&#038;p=42902"},"modified":"2026-02-09T15:46:46","modified_gmt":"2026-02-09T15:46:46","slug":"st-434090","status":"publish","type":"product","link":"https:\/\/evotek.md\/ro\/produse\/echipamente-termice\/chafing-dish\/st-434090\/","title":{"rendered":"CHAFING DISH, CAPAC RULANT, 9 LITRI -ST-434090"},"content":{"rendered":"<div><strong>CHAFING DISH, CAPAC RULANT, 9 LITRI -ST-434090-<\/strong> Acest vas chafindish este conceput pentru a men\u021bine temperatura dorit\u0103 a m\u00e2nc\u0103rurilor g\u0103tite \u0219i este utilizat pentru servire. Ideal pentru bufeturi sau catering.<\/div>\n<div><\/div>\n<div>Caracteristici<\/div>\n<div>Material: o\u021bel inoxidabil<br \/>\nCapacitate: 9 litri<br \/>\nL\u0103\u021bime: 600 mm<br \/>\nAd\u00e2ncime: 360 mm<br \/>\n\u00cen\u0103l\u021bime: 380 mm<br \/>\nCapac cu deschidere (90\u00b0)<br \/>\nManoper\u0103 de \u00eenalt\u0103 calitate<br \/>\nInclude m\u00e2nere laterale pentru transport u\u0219or<br \/>\nInclude: 2 recipiente pentru arzatoare \u0219i un recipient GN 1\/1 h65 mm<br \/>\nSuporturi pentru montarea \u00eenc\u0103lzitorului: cod 430300 sau 430700<\/div>\n","protected":false},"excerpt":{"rendered":"<p>Chafing dish. Material: o\u021bel inoxidabil; Capacitate: 9 litri; L\u0103\u021bime: 600 mm; Ad\u00e2ncime: 360 mm; \u00cen\u0103l\u021bime: 380 mm; Capac cu deschidere (90\u00b0); Manoper\u0103 de \u00eenalt\u0103 calitate; Include m\u00e2nere laterale pentru transport u\u0219or; Include: 2 recipiente pentru arzatoare \u0219i un recipient GN 1\/1 h65 mm; Suporturi pentru montarea \u00eenc\u0103lzitorului: cod 430300 sau 430700.<\/p>\n","protected":false},"featured_media":42904,"template":"","meta":[],"_links":{"self":[{"href":"https:\/\/evotek.md\/ro\/wp-json\/wp\/v2\/product\/42902"}],"collection":[{"href":"https:\/\/evotek.md\/ro\/wp-json\/wp\/v2\/product"}],"about":[{"href":"https:\/\/evotek.md\/ro\/wp-json\/wp\/v2\/types\/product"}],"wp:featuredmedia":[{"embeddable":true,"href":"https:\/\/evotek.md\/ro\/wp-json\/wp\/v2\/media\/42904"}],"wp:attachment":[{"href":"https:\/\/evotek.md\/ro\/wp-json\/wp\/v2\/media?parent=42902"}],"curies":[{"name":"wp","href":"https:\/\/api.w.org\/{rel}","templated":true}]}}