{"id":42884,"date":"2026-02-06T12:19:04","date_gmt":"2026-02-06T12:19:04","guid":{"rendered":"https:\/\/evotek.md\/?post_type=product&#038;p=42884"},"modified":"2026-02-06T14:29:53","modified_gmt":"2026-02-06T14:29:53","slug":"st-436110","status":"publish","type":"product","link":"https:\/\/evotek.md\/ro\/produse\/echipamente-termice\/chafing-dish\/st-436110\/","title":{"rendered":"CHAFING DISH 9 LITRI -ST-436110"},"content":{"rendered":"<div><strong>CHAFING DISH 9 LITRI -ST-436110-<\/strong> Acest vas chafindish este conceput pentru a men\u021bine temperatura dorit\u0103 a m\u00e2nc\u0103rurilor g\u0103tite \u0219i este utilizat pentru servire. Ideal pentru bufeturi sau catering.<\/div>\n<div><\/div>\n<div>Caracteristici<\/div>\n<div>Capacitate: 9 litri<\/div>\n<div>L\u0103\u021bime: 605 mm<\/div>\n<div>Ad\u00e2ncime: 360 mm<\/div>\n<div>\u00cen\u0103l\u021bime: 240 mm<\/div>\n<div>Capac deta\u0219abil<\/div>\n<div>M\u00e2nere laterale pentru transportare<\/div>\n<div>Ad\u00e2ncime bol: 100 mm<\/div>\n<div>Baz\u0103 stivuibil\u0103<\/div>\n<div>Include: 2 recipiente pentru arzatoare \u0219i 1 recipient GN 1\/1 65 mm<\/div>\n<div>Material: o\u021bel inoxidabil<\/div>\n","protected":false},"excerpt":{"rendered":"<p>Chafing dish. Capacitate: 9 litri; L\u0103\u021bime: 605 mm; Ad\u00e2ncime: 360 mm; \u00cen\u0103l\u021bime: 240 mm; Capac deta\u0219abil; M\u00e2nere laterale pentru transportare; Ad\u00e2ncime bol: 100 mm; Baz\u0103 stivuibil\u0103; Include: 2 recipiente pentru arzatoare \u0219i 1 recipient GN 1\/1 65 mm; Material: o\u021bel inoxidabil.<\/p>\n","protected":false},"featured_media":42886,"template":"","meta":[],"_links":{"self":[{"href":"https:\/\/evotek.md\/ro\/wp-json\/wp\/v2\/product\/42884"}],"collection":[{"href":"https:\/\/evotek.md\/ro\/wp-json\/wp\/v2\/product"}],"about":[{"href":"https:\/\/evotek.md\/ro\/wp-json\/wp\/v2\/types\/product"}],"wp:featuredmedia":[{"embeddable":true,"href":"https:\/\/evotek.md\/ro\/wp-json\/wp\/v2\/media\/42886"}],"wp:attachment":[{"href":"https:\/\/evotek.md\/ro\/wp-json\/wp\/v2\/media?parent=42884"}],"curies":[{"name":"wp","href":"https:\/\/api.w.org\/{rel}","templated":true}]}}