{"id":42858,"date":"2026-02-03T12:08:50","date_gmt":"2026-02-03T12:08:50","guid":{"rendered":"https:\/\/evotek.md\/?post_type=product&#038;p=42858"},"modified":"2026-02-03T12:50:02","modified_gmt":"2026-02-03T12:50:02","slug":"dispenser-45k","status":"publish","type":"product","link":"https:\/\/evotek.md\/ro\/produse\/echipament-de-ambalare-vacuum\/dispenser-45k\/","title":{"rendered":"MASINA DE AMBALAT 450 mm -SIRMAN-DISPENSER 45K"},"content":{"rendered":"<div><strong>MASINA DE AMBALAT 450 mm -SIRMAN-DISPENSER 45K<\/strong><\/div>\n<div>Ideal\u0103 pentru ambalarea produselor alimentare precum carne, br\u00e2nz\u0103, paste f\u0103inoase, fructe \u0219i legume. Masina de ambalat func\u021bioneaz\u0103 rapid \u0219i igienic \u00een supermarketuri, m\u0103cel\u0103rii, magazine alimentare \u0219i oriunde se v\u00e2nd produse proaspete, necesit\u00e2nd ambalaje rapide \u0219i fiabile \u00een fiecare zi.<\/div>\n<div><\/div>\n<div>&#8211; Structur\u0103 din o\u021bel inoxidabil.<\/div>\n<div>&#8211; Rulouri \u0219i tije din aluminiu anodizat.<\/div>\n<div>&#8211; Panou \u00eenc\u0103lzit reglabil cu termostat.<\/div>\n<div>&#8211; Profil acoperit cu teflon pentru a preveni formarea fumului la ambalarea produselor.<\/div>\n<div><\/div>\n<div>Caracteristici<\/div>\n<div>Instalare: de mas\u0103<\/div>\n<div>Tensiune: 220 V<\/div>\n<div>Putere: 0,12 kW<\/div>\n<div>L\u0103\u021bime: 485 mm<\/div>\n<div>Ad\u00e2ncime: 600 mm<\/div>\n<div>\u00cen\u0103l\u021bime: 140 mm<\/div>\n<div>Greutate (f\u0103r\u0103 ambalaj): 5 kg<\/div>\n<div>\u021aara de origine: Italia<\/div>\n<div>L\u0103\u021bime maxim\u0103 a foliei: 450 mm<\/div>\n<div>Dimensiuni suprafa\u021b\u0103 de \u00eenc\u0103lzire: 385&#215;125 mm<\/div>\n<div>Dimensiuni cu ambalaj: 510x610x160 mm<\/div>\n<div>Corp din o\u021bel inoxidabil<\/div>\n<div>Rulouri \u0219i tije din aluminiu anodizat<\/div>\n<div>Profil acoperit cu teflon pentru a preveni fumul \u00een timpul ambal\u0103rii<\/div>\n","protected":false},"excerpt":{"rendered":"<p>Masina de ambalat. Instalare: de mas\u0103; Tensiune: 220 V; Putere: 0,12 kW; L\u0103\u021bime: 485 mm; Ad\u00e2ncime: 600 mm; \u00cen\u0103l\u021bime: 140 mm; Greutate (f\u0103r\u0103 ambalaj): 5 kg; \u021aara de origine: Italia; L\u0103\u021bime maxim\u0103 a foliei: 450 mm; Dimensiuni suprafa\u021b\u0103 de \u00eenc\u0103lzire: 385&#215;125 mm; Dimensiuni cu ambalaj: 510x610x160 mm; Corp din o\u021bel inoxidabil; Rulouri \u0219i tije din aluminiu anodizat; Profil acoperit cu teflon pentru a preveni fumul \u00een timpul ambal\u0103rii.<\/p>\n","protected":false},"featured_media":42864,"template":"","meta":[],"_links":{"self":[{"href":"https:\/\/evotek.md\/ro\/wp-json\/wp\/v2\/product\/42858"}],"collection":[{"href":"https:\/\/evotek.md\/ro\/wp-json\/wp\/v2\/product"}],"about":[{"href":"https:\/\/evotek.md\/ro\/wp-json\/wp\/v2\/types\/product"}],"wp:featuredmedia":[{"embeddable":true,"href":"https:\/\/evotek.md\/ro\/wp-json\/wp\/v2\/media\/42864"}],"wp:attachment":[{"href":"https:\/\/evotek.md\/ro\/wp-json\/wp\/v2\/media?parent=42858"}],"curies":[{"name":"wp","href":"https:\/\/api.w.org\/{rel}","templated":true}]}}