{"id":42851,"date":"2026-02-02T19:07:37","date_gmt":"2026-02-02T19:07:37","guid":{"rendered":"https:\/\/evotek.md\/?post_type=product&#038;p=42851"},"modified":"2026-02-02T19:24:10","modified_gmt":"2026-02-02T19:24:10","slug":"m-09405021","status":"publish","type":"product","link":"https:\/\/evotek.md\/ro\/produse\/echipamente-frigorifice\/dulap-frigorific-congelare\/m-09405021\/","title":{"rendered":"DULAP CONGELATOR CU USA DIN STICLA 400 LITRI -M-09405021"},"content":{"rendered":"<div><strong>DULAP CONGELATOR CU USA DIN STICLA 400 LITRI -M-09405021<\/strong><\/div>\n<div><\/div>\n<div>Acest congelator profesional are o capacitate total\u0103 de 400 de litri pentru depozitarea alimentelor congelate. Acest congelator negru se potrive\u0219te perfect \u00een majoritatea buc\u0103t\u0103riilor profesionale. Dispune de \u0219ase rafturi fixe, oferind un spa\u021biu amplu de depozitare. Rafturile sunt aranjate \u00eentr-un model de gril\u0103 pentru o ventila\u021bie \u00eembun\u0103t\u0103\u021bit\u0103. U\u0219a de sticl\u0103 are o \u00eencuietoare, permi\u021b\u00e2ndu-v\u0103 s\u0103 vizualiza\u021bi alimentele congelate f\u0103r\u0103 a deschide frigiderul.<\/div>\n<div><\/div>\n<div>Control precis al temperaturii<\/div>\n<div>Acest congelator profesional dispune de un controler electronic al temperaturii \u0219i un afi\u0219aj digital. Acest lucru faciliteaz\u0103 citirea \u0219i setarea temperaturii. Ofer\u0103 o gam\u0103 larg\u0103 de temperatur\u0103 pentru o congelare eficient\u0103. Func\u021bia de congelare rapid\u0103 atinge rapid temperatura dorit\u0103. Datorit\u0103 izola\u021biei protectoare, func\u021bioneaz\u0103 optim \u00een \u00eenc\u0103peri cu o temperatur\u0103 ambiental\u0103 constant\u0103. Acest congelator folose\u0219te agent frigorific R290 f\u0103r\u0103 CFC. De asemenea, dispune de dou\u0103 picioare frontale reglabile \u0219i dou\u0103 ro\u021bi spate pentru o mi\u0219care u\u0219oar\u0103.<\/div>\n<div><\/div>\n<div>U\u0219or de cur\u0103\u021bat<\/div>\n<div>Acest congelator are un exterior din o\u021bel acoperit pentru o cur\u0103\u021bare u\u0219oar\u0103. Pur \u0219i simplu folosi\u021bi o c\u00e2rp\u0103 umed\u0103 \u0219i un detergent bl\u00e2nd pentru a cur\u0103\u021ba exteriorul. Interiorul poate fi cur\u0103\u021bat dup\u0103 decongelare. Pentru a dezghe\u021ba, scoate\u021bi toate obiectele \u0219i deconecta\u021bi congelatorul de la priz\u0103. Pentru a accelera dezghe\u021barea, r\u0103zui\u021bi u\u0219or ghea\u021ba cu o raclet\u0103 de plastic. Dup\u0103 cur\u0103\u021barea cu ap\u0103 cald\u0103 \u0219i o c\u00e2rp\u0103 moale, usca\u021bi bine congelatorul \u00eenainte de a-l porni din nou.<\/div>\n<div><\/div>\n<div>Caracteristici<\/div>\n<div>Refrigerant R290 f\u0103r\u0103 CFC<\/div>\n<div>Grosime izola\u021bie termic\u0103 compact\u0103 de protec\u021bie: 5,2 cm<\/div>\n<div>Greutate net\u0103: 81 kg<\/div>\n<div>Volum util: 349 litri<\/div>\n<div>Include \u0219ase rafturi (L43,1 x A41,5 cm)<\/div>\n<div>L\u0103\u021bime: 60 cm<\/div>\n<div>Ad\u00e2ncime: 59 cm<\/div>\n<div>\u00cen\u0103l\u021bime: 185 cm<\/div>\n<div>Greutate: 81 kg<\/div>\n<div>L\u0103\u021bime interioar\u0103: 48 cm<\/div>\n<div>Ad\u00e2ncime interioar\u0103: 42 cm<\/div>\n<div>\u00cen\u0103l\u021bime interioar\u0103: 159 cm<\/div>\n<div>Surs\u0103 de alimentare: 230 V<\/div>\n<div>Num\u0103r de prize: 1<\/div>\n<div>Putere: 478 W<\/div>\n<div>Sistem de r\u0103cire: r\u0103cire static\u0103<\/div>\n<div>Temperatur\u0103 minim\u0103: -22\u00b0C<\/div>\n<div>Temperatur\u0103 maxim\u0103: -18\u00b0C<\/div>\n<div>Temperatur\u0103 ambiental\u0103 maxim\u0103: 25\u00b0C<\/div>\n<div>Tip model: de podea<\/div>\n<div>Ro\u021bi: da<\/div>\n<div>Num\u0103r de u\u0219i: 1<\/div>\n<div>Material u\u0219\u0103: sticl\u0103<\/div>\n<div>Tip u\u0219\u0103: batant\u0103<\/div>\n<div>Material dulap: o\u021bel acoperit<\/div>\n<div>Grosime izola\u021bie: 5,2 cm<\/div>\n<div>Tip afi\u0219aj: digital<\/div>\n<div>Iluminare interioar\u0103: da<\/div>\n<div>\u00cencuietoare: da<\/div>\n<div>Nivel de zgomot: 50 &#8211; 60 dB<\/div>\n<div>Num\u0103r de rafturi fixate incluse: 6<\/div>\n<div>Distan\u021ba dintre rafturi \u0219i tav\u0103: 21 cm<\/div>\n","protected":false},"excerpt":{"rendered":"<p>Dulap congelator 400 l. Refrigerant R290 f\u0103r\u0103 CFC; Grosime izola\u021bie termic\u0103 compact\u0103 de protec\u021bie: 5,2 cm; Greutate net\u0103: 81 kg; Volum util: 349 litri; Include \u0219ase rafturi (L43,1 x A41,5 cm); L\u0103\u021bime: 60 cm; Ad\u00e2ncime: 59 cm; \u00cen\u0103l\u021bime: 185 cm; Greutate: 81 kg; L\u0103\u021bime interioar\u0103: 48 cm; Ad\u00e2ncime interioar\u0103: 42 cm; \u00cen\u0103l\u021bime interioar\u0103: 159 cm; Surs\u0103 de alimentare: 230 V; Num\u0103r de prize: 1; Putere: 478 W; Sistem de r\u0103cire: r\u0103cire static\u0103; Temperatur\u0103 minim\u0103: -22\u00b0C; Temperatur\u0103 maxim\u0103: -18\u00b0C; Temperatur\u0103 ambiental\u0103 maxim\u0103: 25\u00b0C; Tip model: de podea; Ro\u021bi: da; Num\u0103r de u\u0219i: 1; Material u\u0219\u0103: sticl\u0103; Tip u\u0219\u0103: batant\u0103; Material dulap: o\u021bel acoperit; Grosime izola\u021bie: 5,2 cm; Tip afi\u0219aj: digital; Iluminare interioar\u0103: da; \u00cencuietoare: da; Nivel de zgomot: 50 &#8211; 60 dB; Num\u0103r de rafturi fixate incluse: 6; Distan\u021ba dintre rafturi \u0219i tav\u0103: 21 cm.<\/p>\n","protected":false},"featured_media":42853,"template":"","meta":[],"_links":{"self":[{"href":"https:\/\/evotek.md\/ro\/wp-json\/wp\/v2\/product\/42851"}],"collection":[{"href":"https:\/\/evotek.md\/ro\/wp-json\/wp\/v2\/product"}],"about":[{"href":"https:\/\/evotek.md\/ro\/wp-json\/wp\/v2\/types\/product"}],"wp:featuredmedia":[{"embeddable":true,"href":"https:\/\/evotek.md\/ro\/wp-json\/wp\/v2\/media\/42853"}],"wp:attachment":[{"href":"https:\/\/evotek.md\/ro\/wp-json\/wp\/v2\/media?parent=42851"}],"curies":[{"name":"wp","href":"https:\/\/api.w.org\/{rel}","templated":true}]}}