{"id":42847,"date":"2026-02-02T10:58:22","date_gmt":"2026-02-02T10:58:21","guid":{"rendered":"https:\/\/evotek.md\/?post_type=product&#038;p=42847"},"modified":"2026-02-02T12:29:11","modified_gmt":"2026-02-02T12:29:11","slug":"afinox-infinity-x-5-all-in-one-h-7ami05i5sa001","status":"publish","type":"product","link":"https:\/\/evotek.md\/ro\/produse\/echipamente-frigorifice\/dulap-frigorific-congelare\/afinox-infinity-x-5-all-in-one-h-7ami05i5sa001\/","title":{"rendered":"CONGELATOR CU SOC TERMIC 5 NIVELE -AFINOX INFINITY-X 5 ALL-IN-ONE-H-7AMI05I5SA001"},"content":{"rendered":"<p><strong>CONGELATOR CU SOC TERMIC 5 NIVELE -AFINOX INFINITY-X 5 ALL-IN-ONE-H-7AMI05I5SA001<\/strong><\/p>\n<p>Caracteristici<br \/>\nR\u0103cire: 25 kg<br \/>\nCongelare: 10 kg<br \/>\nDimensiuni externe (L\u0103xAdx\u00cen): 790x839x847 mm<br \/>\nDimensiuni interne (L\u0103xAdx\u00cen): 668x418x367 mm<br \/>\nDimensiuni ambalaj (L\u0103xAdx\u00cen): 830x860x980 mm<br \/>\nGrosimea izola\u021biei: 60 mm<br \/>\nVolum intern: 100 litri<br \/>\nGreutate brut\u0103: 120 kg<br \/>\nGreutate net\u0103: 103 kg<br \/>\nAlimentare (V\/F\/Hz): 230\/1\/50<br \/>\nClas\u0103 climatic\u0103: 5 (40\u00b0C &#8211; 40%)<br \/>\nMaterial: O\u021bel inoxidabil AISI 304.<br \/>\nPanou de control: Ecran tactil de 9 inch, situat pe partea frontal\u0103 \u0219i superioar\u0103 a u\u0219ii<br \/>\nDistan\u021ba dintre t\u0103vi: 70 mm (model pentru unit\u0103\u021bi de alimenta\u021bie public\u0103) \/ 50 mm (model pentru patiserie).<br \/>\nSenzor de temperatur\u0103 intern\u0103: Multi-punct (4 puncte de m\u0103surare a temperaturii).<br \/>\nCapacitate recipient pentru \u00eenghe\u021bat\u0103: 6<\/p>\n","protected":false},"excerpt":{"rendered":"<p>Congelator cu soc termic, 5 nivele. R\u0103cire: 25 kg; Congelare: 10 kg; Dimensiuni externe (L\u0103xAdx\u00cen): 790x839x847 mm; Dimensiuni interne (L\u0103xAdx\u00cen): 668x418x367 mm; Dimensiuni ambalaj (L\u0103xAdx\u00cen): 830x860x980 mm; Grosimea izola\u021biei: 60 mm<br \/>\nVolum intern: 100 litri; Greutate brut\u0103: 120 kg; Greutate net\u0103: 103 kg; Alimentare (V\/F\/Hz): 230\/1\/50; Clas\u0103 climatic\u0103: 5 (40\u00b0C &#8211; 40%); Material: O\u021bel inoxidabil AISI 304.; Panou de control: Ecran tactil de 9 inch, situat pe partea frontal\u0103 \u0219i superioar\u0103 a u\u0219ii; Distan\u021ba dintre t\u0103vi: 70 mm (model pentru unit\u0103\u021bi de alimenta\u021bie public\u0103) \/ 50 mm (model pentru patiserie).; Senzor de temperatur\u0103 intern\u0103: Multi-punct (4 puncte de m\u0103surare a temperaturii).<br \/>\nCapacitate recipient pentru \u00eenghe\u021bat\u0103: 6.<\/p>\n","protected":false},"featured_media":37359,"template":"","meta":[],"_links":{"self":[{"href":"https:\/\/evotek.md\/ro\/wp-json\/wp\/v2\/product\/42847"}],"collection":[{"href":"https:\/\/evotek.md\/ro\/wp-json\/wp\/v2\/product"}],"about":[{"href":"https:\/\/evotek.md\/ro\/wp-json\/wp\/v2\/types\/product"}],"wp:featuredmedia":[{"embeddable":true,"href":"https:\/\/evotek.md\/ro\/wp-json\/wp\/v2\/media\/37359"}],"wp:attachment":[{"href":"https:\/\/evotek.md\/ro\/wp-json\/wp\/v2\/media?parent=42847"}],"curies":[{"name":"wp","href":"https:\/\/api.w.org\/{rel}","templated":true}]}}