{"id":42843,"date":"2025-09-30T09:25:37","date_gmt":"2025-09-30T09:27:43","guid":{"rendered":"https:\/\/evotek.md\/?post_type=product&#038;p=42843"},"modified":"2025-09-30T09:27:50","modified_gmt":"2025-09-30T09:27:50","slug":"masina-pentru-taierea-bucatilor-lungi-de-aluat-1-25-2-4-6-12-mm-trm-5-n","status":"publish","type":"product","link":"https:\/\/evotek.md\/ro\/produse\/fara-categorie\/masina-pentru-taierea-bucatilor-lungi-de-aluat-1-25-2-4-6-12-mm-trm-5-n\/","title":{"rendered":"MASINA PENTRU TAIEREA BUCATILOR LUNGI DE ALUAT 1.25, 2, 4, 6, 12 mm -TRM\/5-N"},"content":{"rendered":"<p><strong>MASINA PENTRU TAIEREA BUCATILOR LUNGI DE ALUAT 1.25, 2, 4, 6, 12 mm -TRM\/5-N<br \/>\n<\/strong>Ma\u0219in\u0103 de t\u0103iat paste pentru t\u0103ieri lungi \u0219i scurte, f\u0103r\u0103 mas\u0103 (masa doar la cerere) pentru producerea de tagliatelle de cinci l\u0103\u021bimi: mm 1,25-2-4-6-12, echipat\u0103 \u0219i cu un dispozitiv automat pentru producerea a trei forme diferite de p\u0103trate mici.<\/p>\n<p>Caracteristici<br \/>\nPentru tagliatelle \u00een cinci dimensiuni: 1.25, 2, 4, 6, 12 mm<br \/>\nProduc\u021bie pe ora: 40 kg\/h<br \/>\nDimensiuni: 460x450x550 mm<br \/>\nGreutate: 68 kg<br \/>\nL\u0103\u021bime tav\u0103: 300 mm<br \/>\nConsum de energie: 0,4 kW<br \/>\nTensiune: 3F 230-400V 50\/60 Hz<br \/>\nEchipat cu un dispozitiv automat pentru producerea a trei forme diferite de paste p\u0103trate mici<\/p>\n","protected":false},"excerpt":{"rendered":"<p>Ma\u0219in\u0103 de t\u0103iat aluat lung f\u0103r\u0103 mas\u0103 (masa doar la cerere); Pentru tagliatelle \u00een cinci dimensiuni: 1.25, 2, 4, 6, 12 mm; Produc\u021bie pe ora: 40 kg\/h; Dimensiuni: 460x450x550 mm; Greutate: 68 kg; L\u0103\u021bime tav\u0103: 300 mm; Consum de energie: 0,4 kW; Tensiune: 3F 230-400V 50\/60 Hz; Echipat cu un dispozitiv automat pentru producerea a trei forme diferite de paste p\u0103trate mici.<\/p>\n","protected":false},"featured_media":42839,"template":"","meta":[],"_links":{"self":[{"href":"https:\/\/evotek.md\/ro\/wp-json\/wp\/v2\/product\/42843"}],"collection":[{"href":"https:\/\/evotek.md\/ro\/wp-json\/wp\/v2\/product"}],"about":[{"href":"https:\/\/evotek.md\/ro\/wp-json\/wp\/v2\/types\/product"}],"wp:featuredmedia":[{"embeddable":true,"href":"https:\/\/evotek.md\/ro\/wp-json\/wp\/v2\/media\/42839"}],"wp:attachment":[{"href":"https:\/\/evotek.md\/ro\/wp-json\/wp\/v2\/media?parent=42843"}],"curies":[{"name":"wp","href":"https:\/\/api.w.org\/{rel}","templated":true}]}}