{"id":42826,"date":"2025-09-29T09:02:08","date_gmt":"2025-09-29T09:02:08","guid":{"rendered":"https:\/\/evotek.md\/?post_type=product&#038;p=42826"},"modified":"2025-09-29T09:15:00","modified_gmt":"2025-09-29T09:15:00","slug":"emp-pls-mm-32-10","status":"publish","type":"product","link":"https:\/\/evotek.md\/ro\/produse\/echipamente-electromecanice\/masina-de-tocat-carne\/emp-pls-mm-32-10\/","title":{"rendered":"MASINA DE TOCAT CARNE 600 kg\/h -EMP.PLS.MM.32.10"},"content":{"rendered":"<p><strong>MASINA DE TOCAT CARNE 600 kg\/h -EMP.PLS.MM.32.10-<\/strong> Ma\u0219in\u0103 de tocat carne nr. 32 Plus, cu r\u0103cire, trifazat\u0103, 380 V, din o\u021bel inoxidabil.<\/p>\n<p>Caracteristici<br \/>\nDimensiuni: 585x420x565 mm<br \/>\nGreutate: 48 kg<br \/>\nVolum net: 0,14 m\u00b3<br \/>\nCapacitate: 600 kg\/or\u0103<br \/>\nPutere motor: 3 kW \/ 4 CP<br \/>\nTrifazat\u0103: 380 V<br \/>\nCapac protector superior transparent<br \/>\nMelcul, gaura de iesire \u0219i piuli\u021ba sunt din o\u021bel inoxidabil<br \/>\nProtec\u021bie pentru m\u00e2ini pentru func\u021bionare \u00een siguran\u021b\u0103<br \/>\nOprire de urgen\u021b\u0103<br \/>\nCarcas\u0103 din o\u021bel inoxidabil<br \/>\nUnitate de r\u0103cire digital\u0103, R-290, f\u0103r\u0103 CFC<\/p>\n","protected":false},"excerpt":{"rendered":"<p>Ma\u0219in\u0103 de tocat carne. Dimensiuni: 585x420x565 mm; Greutate: 48 kg; Volum net: 0,14 m\u00b3; Capacitate: 600 kg\/or\u0103; Putere motor: 3 kW \/ 4 CP; Trifazat\u0103: 380 V; Capac protector superior transparent; Melcul, gaura de iesire \u0219i piuli\u021ba sunt din o\u021bel inoxidabil; Protec\u021bie pentru m\u00e2ini pentru func\u021bionare \u00een siguran\u021b\u0103; Oprire de urgen\u021b\u0103; Carcas\u0103 din o\u021bel inoxidabil; Unitate de r\u0103cire digital\u0103, R-290, f\u0103r\u0103 CFC.<\/p>\n","protected":false},"featured_media":42829,"template":"","meta":[],"_links":{"self":[{"href":"https:\/\/evotek.md\/ro\/wp-json\/wp\/v2\/product\/42826"}],"collection":[{"href":"https:\/\/evotek.md\/ro\/wp-json\/wp\/v2\/product"}],"about":[{"href":"https:\/\/evotek.md\/ro\/wp-json\/wp\/v2\/types\/product"}],"wp:featuredmedia":[{"embeddable":true,"href":"https:\/\/evotek.md\/ro\/wp-json\/wp\/v2\/media\/42829"}],"wp:attachment":[{"href":"https:\/\/evotek.md\/ro\/wp-json\/wp\/v2\/media?parent=42826"}],"curies":[{"name":"wp","href":"https:\/\/api.w.org\/{rel}","templated":true}]}}