{"id":42796,"date":"2025-09-26T07:17:00","date_gmt":"2025-09-26T07:17:00","guid":{"rendered":"https:\/\/evotek.md\/?post_type=product&#038;p=42796"},"modified":"2025-09-26T07:24:07","modified_gmt":"2025-09-26T07:24:07","slug":"umd-2100-d-kapadokya","status":"publish","type":"product","link":"https:\/\/evotek.md\/ro\/produse\/echipamente-frigorifice\/lada-frigorifica-pentru-congelare\/umd-2100-d-kapadokya\/","title":{"rendered":"LADA FRIGORIFICA PENTRU CONGELARE, CAPAC TRANSPARENT GLISANT, 878 LITRI -UGUR-UMD 2100 D KAPADOKYA"},"content":{"rendered":"<p><strong>LADA FRIGORIFICA PENTRU CONGELARE, CAPAC TRANSPARENT GLISANT, 878 LITRI -UMD 2100 D KAPADOKYA<br \/>\n<\/strong><\/p>\n<p>Iluminare interioar\u0103 cu LED<br \/>\nVizibilitate excelent\u0103 a m\u0103rfurilor<br \/>\nSistem de separare a produselor<br \/>\nControl electronic<\/p>\n<p>Caracteristici<br \/>\nConsum de energie: 8,56 kW\/24h<br \/>\nInterval de func\u021bionare: -18\/-23 C\u00b0<br \/>\nAlimentare: 230\/50 V\/Hz\/Faz<br \/>\nLichid de r\u0103cire: R404a<br \/>\nVolum brut: 878 litri<br \/>\nDimensiuni interne (LxAx\u00ce): 1970x720x662 mm<br \/>\nDimensiuni externe (LxAx\u00ce): 2106x858x865 mm<br \/>\n\u021aara de origine: Turcia, Ugur<\/p>\n","protected":false},"excerpt":{"rendered":"<p>Lad\u0103 frigorific\u0103 pentru congelare. Consum de energie: 8,56 kW\/24h; Interval de func\u021bionare: -18\/-23 C\u00b0; Alimentare: 230\/50 V\/Hz\/Faz; Lichid de r\u0103cire: R404a; Volum brut: 878 litri; Dimensiuni interne (LxAx\u00ce): 1970x720x662 mm; Dimensiuni externe (LxAx\u00ce): 2106x858x865 mm; \u021aara de origine: Turcia, Ugur.<\/p>\n","protected":false},"featured_media":42800,"template":"","meta":[],"_links":{"self":[{"href":"https:\/\/evotek.md\/ro\/wp-json\/wp\/v2\/product\/42796"}],"collection":[{"href":"https:\/\/evotek.md\/ro\/wp-json\/wp\/v2\/product"}],"about":[{"href":"https:\/\/evotek.md\/ro\/wp-json\/wp\/v2\/types\/product"}],"wp:featuredmedia":[{"embeddable":true,"href":"https:\/\/evotek.md\/ro\/wp-json\/wp\/v2\/media\/42800"}],"wp:attachment":[{"href":"https:\/\/evotek.md\/ro\/wp-json\/wp\/v2\/media?parent=42796"}],"curies":[{"name":"wp","href":"https:\/\/api.w.org\/{rel}","templated":true}]}}