{"id":42771,"date":"2025-09-12T09:03:51","date_gmt":"2025-09-12T09:03:52","guid":{"rendered":"https:\/\/evotek.md\/?post_type=product&#038;p=42771"},"modified":"2025-09-12T09:16:07","modified_gmt":"2025-09-12T09:16:07","slug":"juka-sgl190","status":"publish","type":"product","link":"https:\/\/evotek.md\/ro\/produse\/echipamente-frigorifice\/vitrine-frigorifice\/juka-sgl190\/","title":{"rendered":"VITRINA FRIGORIFICA PENTRU GASTRONOMIE 300 dm\u00b3 -JUKA-SGL190"},"content":{"rendered":"<p><strong>VITRINA FRIGORIFICA PENTRU GASTRONOMIE 300 dm\u00b3 -JUKA-SGL190-<\/strong> Vitrin\u0103 gastronomic\u0103 refrigerat\u0103 la temperatur\u0103 medie, conceput\u0103 pentru v\u00e2nzarea de iaurt, lactate, c\u00e2rna\u021bi, carne \u0219i produse din pe\u0219te. Caracteristica special\u0103 a acestei vitrine este designul s\u0103u modern, expunerea ad\u00e2nc\u0103 \u0219i decongelarea automat\u0103. Partea demonstrativ\u0103 \u0219i raftul v\u00e2nz\u0103torului din vitrin\u0103 sunt fabricate din o\u021bel inoxidabil. Vitrina refrigerat\u0103 este echipat\u0103 cu o lad\u0103 de r\u0103cire spa\u021bioas\u0103 pentru depozitarea produselor \u0219i iluminare LED economic\u0103. La cererea clientului, vitrina poate fi echipat\u0103 cu iluminare roz, un raft suplimentar din sticl\u0103, sticl\u0103 cu o serigrafie neagr\u0103 elegant\u0103 \u0219i vopsit\u0103 \u00een culoarea clientului. Op\u021bional, designul vitrinei poate implica posibilitatea combin\u0103rii \u00eentr-o linie continu\u0103.<\/p>\n<p>Caracteristici<br \/>\nLungime (f\u0103r\u0103 panouri decorative): 1800 mm<br \/>\nL\u0103\u021bime: 1120 mm<br \/>\n\u00cen\u0103l\u021bime: 1250 mm<br \/>\nGreutate net\u0103: 167 kg<br \/>\nSuprafa\u021b\u0103 de afi\u0219are: 1,33 m\u00b2<br \/>\nAd\u00e2ncime de afi\u0219are a produsului: 745 mm<br \/>\nVolumul camerei de depozitare: 300 dm\u00b3<br \/>\nTemperatur\u0103 ambiental\u0103 recomandat\u0103: +16&#8230;+25\u00b0C<br \/>\nInterval de temperatur\u0103 de func\u021bionare: -2&#8230;+8\u00b0C<br \/>\nClasa climatic\u0103: 3<br \/>\nTip de r\u0103cire: gravita\u021bional\u0103<br \/>\nAgent frigorific: R404a\/R290<br \/>\nCO\u2082: 1,18 t \/ 0,00 t<br \/>\nCantitate agent frigorific: 0,3 kg\/0,13 kg<br \/>\nTensiune de alimentare: 220-240\/50 V\/HZ<br \/>\nCurent nominal: 3,1\/1,8 A<br \/>\nConsum de energie (la 25\u00b0C): 6,6\/5,3 kW\/24 h<br \/>\nRegulator de temperatur\u0103: electronic<\/p>\n","protected":false},"excerpt":{"rendered":"<p>Vitrin\u0103 frigorific\u0103 pentru gastronomie. Lungime (f\u0103r\u0103 panouri decorative): 1800 mm; L\u0103\u021bime: 1120 mm; \u00cen\u0103l\u021bime: 1250 mm; Greutate net\u0103: 167 kg; Suprafa\u021b\u0103 de afi\u0219are: 1,33 m\u00b2; Ad\u00e2ncime de afi\u0219are a produsului: 745 mm; Volumul camerei de depozitare: 300 dm\u00b3; Temperatur\u0103 ambiental\u0103 recomandat\u0103: +16&#8230;+25\u00b0C; Interval de temperatur\u0103 de func\u021bionare: -2&#8230;+8\u00b0C; Clasa climatic\u0103: 3; Tip de r\u0103cire: gravita\u021bional\u0103; Agent frigorific: R404a\/R290<br \/>\nCO\u2082: 1,18 t \/ 0,00 t; Cantitate agent frigorific: 0,3 kg\/0,13 kg; Tensiune de alimentare: 220-240\/50 V\/HZ; Curent nominal: 3,1\/1,8 A; Consum de energie (la 25\u00b0C): 6,6\/5,3 kW\/24 h; Regulator de temperatur\u0103: electronic.<\/p>\n","protected":false},"featured_media":42773,"template":"","meta":[],"_links":{"self":[{"href":"https:\/\/evotek.md\/ro\/wp-json\/wp\/v2\/product\/42771"}],"collection":[{"href":"https:\/\/evotek.md\/ro\/wp-json\/wp\/v2\/product"}],"about":[{"href":"https:\/\/evotek.md\/ro\/wp-json\/wp\/v2\/types\/product"}],"wp:featuredmedia":[{"embeddable":true,"href":"https:\/\/evotek.md\/ro\/wp-json\/wp\/v2\/media\/42773"}],"wp:attachment":[{"href":"https:\/\/evotek.md\/ro\/wp-json\/wp\/v2\/media?parent=42771"}],"curies":[{"name":"wp","href":"https:\/\/api.w.org\/{rel}","templated":true}]}}