{"id":42762,"date":"2025-09-09T07:27:40","date_gmt":"2025-09-09T07:27:40","guid":{"rendered":"https:\/\/evotek.md\/?post_type=product&#038;p=42762"},"modified":"2025-09-09T07:31:00","modified_gmt":"2025-09-09T07:31:00","slug":"pimak-m015-6","status":"publish","type":"product","link":"https:\/\/evotek.md\/ro\/produse\/echipamente-termice\/plite-electrice\/pimak-m015-6\/","title":{"rendered":"PLITA PE GAZ CU 6 ARZATOARE SI CUPTOR ELECTRIC -PIMAK-M015-6"},"content":{"rendered":"<p><strong>PLITA PE GAZ CU 6 ARZATOARE SI CUPTOR ELECTRIC -PIMAK-M015-6<\/strong><br \/>\nFunc\u021bionare cu gaz lichefiat sau natural<br \/>\nRobinet de gaz cu supap\u0103 de siguran\u021b\u0103<br \/>\nPosibilitate de ardere complet\u0103 sau redus\u0103<br \/>\nCuptor termostatat cu arz\u0103tor tip tub<br \/>\nArz\u0103tor din o\u021bel inoxidabil<br \/>\nCorp din o\u021bel inoxidabil<br \/>\nIgienic \u0219i sigur<br \/>\nDurat\u0103 lung\u0103 de via\u021b\u0103<\/p>\n<p>Caracteristici<br \/>\nGaz: 21\/25-30\/50 Mbar<br \/>\nPutere: 53,2 kW \/ 45752 kcal<br \/>\nConsum: 5.628 m3 h \/ 4.196 Kg h<br \/>\nCapacitate: 6+1<br \/>\nDimensiuni: 150x100x85 cm<br \/>\nGreutate: 200 Kg<br \/>\nFunc\u021bionare cu gaz lichefiat sau natural<br \/>\nRobinet de gaz cu supap\u0103 de siguran\u021b\u0103<br \/>\nPosibilitate de ardere complet\u0103 sau redus\u0103<br \/>\nCuptor termostatat cu arz\u0103tor tip tub<br \/>\nArz\u0103tor din o\u021bel inoxidabil<br \/>\nCarcasa din o\u021bel inoxidabil<br \/>\nIgienic \u0219i sigur<br \/>\nDurat\u0103 lung\u0103 de via\u021b\u0103<\/p>\n","protected":false},"excerpt":{"rendered":"<p>Gaz: 21\/25-30\/50 Mbar; Putere: 53,2 kW \/ 45752 kcal; Consum: 5.628 m3 h \/ 4.196 Kg h; Capacitate: 6+1; Dimensiuni: 150x100x85 cm; Greutate: 200 Kg; Func\u021bionare cu gaz lichefiat sau natural; Robinet de gaz cu supap\u0103 de siguran\u021b\u0103; Posibilitate de ardere complet\u0103 sau redus\u0103; Cuptor termostatat cu arz\u0103tor tip tub; Arz\u0103tor din o\u021bel inoxidabil; Carcasa din o\u021bel inoxidabil; Igienic \u0219i sigur.<\/p>\n","protected":false},"featured_media":42765,"template":"","meta":[],"_links":{"self":[{"href":"https:\/\/evotek.md\/ro\/wp-json\/wp\/v2\/product\/42762"}],"collection":[{"href":"https:\/\/evotek.md\/ro\/wp-json\/wp\/v2\/product"}],"about":[{"href":"https:\/\/evotek.md\/ro\/wp-json\/wp\/v2\/types\/product"}],"wp:featuredmedia":[{"embeddable":true,"href":"https:\/\/evotek.md\/ro\/wp-json\/wp\/v2\/media\/42765"}],"wp:attachment":[{"href":"https:\/\/evotek.md\/ro\/wp-json\/wp\/v2\/media?parent=42762"}],"curies":[{"name":"wp","href":"https:\/\/api.w.org\/{rel}","templated":true}]}}