{"id":42756,"date":"2025-09-09T07:10:02","date_gmt":"2025-09-09T07:10:02","guid":{"rendered":"https:\/\/evotek.md\/?post_type=product&#038;p=42756"},"modified":"2025-09-09T07:25:43","modified_gmt":"2025-09-09T07:25:43","slug":"emp-pls-9frg03","status":"publish","type":"product","link":"https:\/\/evotek.md\/ro\/produse\/echipamente-termice\/cuptoare-gastronomice-prajire\/emp-pls-9frg03\/","title":{"rendered":"CUPTOR ELECTRIC PENTRU GASTRONOMIE 1200x790x550 mm -EMP.PLS.9FRG03"},"content":{"rendered":"<p><strong>CUPTOR ELECTRIC PENTRU GASTRONOMIE 1200x790x550 mm -EMP.PLS.9FRG03-<\/strong> Cuptorul este conceput pentru g\u0103tirea diverselor preparate din carne, pe\u0219te \u0219i legume \u00een unit\u0103\u021bile de catering \u0219i comer\u021b.<\/p>\n<p>Caracteristici<br \/>\nMontare: sub echipament<br \/>\nNum\u0103r de camere: 1<br \/>\nRacord: Gaz<br \/>\nRecipiente: GN 2\/1<br \/>\nControl: mecanic<br \/>\nDimensiunea t\u0103vii: 650&#215;530 mm<br \/>\nU\u0219\u0103: solid\u0103<br \/>\nAprindere piezo: Da<br \/>\nNum\u0103r de arz\u0103toare: 1<br \/>\nRo\u021bi: nu<br \/>\nMaterialul camerei de lucru: o\u021bel inoxidabil<br \/>\nPutere: 12930 W<br \/>\nTensiune: 220 V<br \/>\nL\u0103\u021bime: 120 cm<br \/>\nAd\u00e2ncime: 79 cm<br \/>\n\u00cen\u0103l\u021bime: 55 cm<br \/>\nGreutate f\u0103r\u0103 ambalaj: 100 kg<br \/>\nGaz butelie sau natural<\/p>\n","protected":false},"excerpt":{"rendered":"<p>Cuptor pentru gastronomie. Instalare: sub echipament; Num\u0103r de camere: 1; Racord: Gaz; Recipiente: GN 2\/1; Comand\u0103: mecanic\u0103; Dimensiunea t\u0103vii: 650&#215;530 mm; U\u0219\u0103: solid\u0103; Aprindere piezo: Da; Num\u0103r de arz\u0103toare: 1; Prezen\u021ba ro\u021bilor: nu; Materialul camerei de lucru: o\u021bel inoxidabil; Putere: 12930 W; Tensiune: 220 V; L\u0103\u021bime: 120 cm; Ad\u00e2ncime: 79 cm; \u00cen\u0103l\u021bime: 55 cm; Greutate f\u0103r\u0103 ambalaj: 100 kg; Gaz butelie sau natural,<\/p>\n","protected":false},"featured_media":42761,"template":"","meta":[],"_links":{"self":[{"href":"https:\/\/evotek.md\/ro\/wp-json\/wp\/v2\/product\/42756"}],"collection":[{"href":"https:\/\/evotek.md\/ro\/wp-json\/wp\/v2\/product"}],"about":[{"href":"https:\/\/evotek.md\/ro\/wp-json\/wp\/v2\/types\/product"}],"wp:featuredmedia":[{"embeddable":true,"href":"https:\/\/evotek.md\/ro\/wp-json\/wp\/v2\/media\/42761"}],"wp:attachment":[{"href":"https:\/\/evotek.md\/ro\/wp-json\/wp\/v2\/media?parent=42756"}],"curies":[{"name":"wp","href":"https:\/\/api.w.org\/{rel}","templated":true}]}}