{"id":42744,"date":"2025-09-04T14:20:43","date_gmt":"2025-09-04T14:20:43","guid":{"rendered":"https:\/\/evotek.md\/?post_type=product&#038;p=42744"},"modified":"2025-09-04T14:22:36","modified_gmt":"2025-09-04T14:22:36","slug":"makfry-hd2","status":"publish","type":"product","link":"https:\/\/evotek.md\/ro\/produse\/echipamente-pentru-fast-food\/friteuze-2\/makfry-hd2\/","title":{"rendered":"VITRINA CALDA DE EXPUNERE, 10 KG -MAKFRY-HD2"},"content":{"rendered":"<p><strong>VITRINA CALDA DE EXPUNERE, 10 KG -MAKFRY-HD2- <\/strong>\u00cenc\u0103lzitorul este un dispozitiv care v\u0103 permite s\u0103 p\u0103stra\u021bi puiul pr\u0103jit \u0219i alte produse din pui proaspete \u0219i calde pentru mai mult timp. Acest dispozitiv poate fi folosit \u0219i pentru a p\u0103stra orice aliment care necesit\u0103 \u00eenc\u0103lzire, datorit\u0103 b\u0103ii de ap\u0103 de sub pui \u0219i a l\u0103mpilor cu infraro\u0219u sau halogen de deasupra acesteia.<\/p>\n<p>Caracteristici<br \/>\nL\u0103\u021bime: 850 mm<br \/>\nAd\u00e2ncime: 610 mm<br \/>\n\u00cen\u0103l\u021bime: 470 mm<br \/>\nAlimentare: 220-240 V \/ 1,7 kW (50-60 Hz)<br \/>\nCapacitate: 10 kg<br \/>\nGreutate: 46 kg<\/p>\n","protected":false},"excerpt":{"rendered":"<p>Vitrina calda. L\u0103\u021bime: 850 mm; Ad\u00e2ncime: 610 mm; \u00cen\u0103l\u021bime: 470 mm; Alimentare: 220-240 V \/ 1,7 kW (50-60 Hz); Capacitate: 10 kg; Greutate: 46 kg.<\/p>\n","protected":false},"featured_media":42747,"template":"","meta":[],"_links":{"self":[{"href":"https:\/\/evotek.md\/ro\/wp-json\/wp\/v2\/product\/42744"}],"collection":[{"href":"https:\/\/evotek.md\/ro\/wp-json\/wp\/v2\/product"}],"about":[{"href":"https:\/\/evotek.md\/ro\/wp-json\/wp\/v2\/types\/product"}],"wp:featuredmedia":[{"embeddable":true,"href":"https:\/\/evotek.md\/ro\/wp-json\/wp\/v2\/media\/42747"}],"wp:attachment":[{"href":"https:\/\/evotek.md\/ro\/wp-json\/wp\/v2\/media?parent=42744"}],"curies":[{"name":"wp","href":"https:\/\/api.w.org\/{rel}","templated":true}]}}