{"id":42711,"date":"2025-08-12T10:07:29","date_gmt":"2025-08-12T10:07:29","guid":{"rendered":"https:\/\/evotek.md\/?post_type=product&#038;p=42711"},"modified":"2025-08-12T10:16:03","modified_gmt":"2025-08-12T10:16:03","slug":"sy250-g-hm","status":"publish","type":"product","link":"https:\/\/evotek.md\/ro\/produse\/echipamente-frigorifice\/dulapuri-frigorifice\/sy250-g-hm\/","title":{"rendered":"DULAP FRIGORIFIC PENTRU MATURARE USCATA A CARNII 198 LITRI -FRENOX-SY250-G-HM"},"content":{"rendered":"<p><strong>DULAP FRIGORIFIC PENTRU MATURARE USCATA A CARNII 198 LITRI -FRENOX-SY250-G-HM-<\/strong> Circula\u021bia ideal\u0103 a aerului, potrivit\u0103 pentru carne, este un factor important care nu poate fi ob\u021binut cu un frigider conven\u021bional. Dac\u0103 se dezvolt\u0103 mucegai, acesta poate face carnea foarte repede necomestibil\u0103 \u0219i poate reprezenta un pericol pentru s\u0103n\u0103tate. Prin urmare, un frigider profesional pentru maturare uscat\u0103 este, de asemenea, un frigider climatic. Umiditatea este controlat\u0103, sterilizat\u0103, iar umezeala inutil\u0103 este extras\u0103 \u0219i returnat\u0103 circula\u021biei aerului f\u0103r\u0103 a fi nevoie de ap\u0103. Un proces complex care v\u0103 permite s\u0103 produce\u021bi carne de vit\u0103 maturat\u0103 uscat\u0103 cu un miros delicios.<\/p>\n<p>Caracteristici<br \/>\nTemperatur\u0103: -3\/+5 \u00b0C<br \/>\nVolum: 198 l<br \/>\nPutere: 0,4 kW<br \/>\nDimensiuni: 92x55x91 cm<br \/>\nDimensiuni \u00een ambalaj: 102x65x105 cm<br \/>\nGreutate: 110 kg<br \/>\nTip o\u021bel inoxidabil: 316<br \/>\nGrosimea izola\u021biei: 30 mm<br \/>\nNum\u0103r de rafturi: 1<br \/>\nAgent frigorific: P404<br \/>\nTensiune: 220 V \/ 50 Hz<br \/>\nU\u0219i: 1 buc.<br \/>\nUmiditate: umiditate relativ\u0103 %65<\/p>\n","protected":false},"excerpt":{"rendered":"<p>Dulap frigorific pentru maturarea uscata a carnii. Temperatur\u0103: -3\/+5 \u00b0C; Volum: 198 l; Putere: 0,4 kW; Dimensiuni: 92x55x91 cm; Dimensiuni \u00een ambalaj: 102x65x105 cm; Greutate: 110 kg; Tip o\u021bel inoxidabil: 316; Grosimea izola\u021biei: 30 mm; Num\u0103r de rafturi: 1; Agent frigorific: P404; Tensiune: 220 V \/ 50 Hz; U\u0219i: 1 buc.; Umiditate: umiditate relativ\u0103 %65.<\/p>\n","protected":false},"featured_media":42714,"template":"","meta":[],"_links":{"self":[{"href":"https:\/\/evotek.md\/ro\/wp-json\/wp\/v2\/product\/42711"}],"collection":[{"href":"https:\/\/evotek.md\/ro\/wp-json\/wp\/v2\/product"}],"about":[{"href":"https:\/\/evotek.md\/ro\/wp-json\/wp\/v2\/types\/product"}],"wp:featuredmedia":[{"embeddable":true,"href":"https:\/\/evotek.md\/ro\/wp-json\/wp\/v2\/media\/42714"}],"wp:attachment":[{"href":"https:\/\/evotek.md\/ro\/wp-json\/wp\/v2\/media?parent=42711"}],"curies":[{"name":"wp","href":"https:\/\/api.w.org\/{rel}","templated":true}]}}