{"id":42698,"date":"2025-08-12T09:14:43","date_gmt":"2025-08-12T09:14:43","guid":{"rendered":"https:\/\/evotek.md\/?post_type=product&#038;p=42698"},"modified":"2025-08-12T09:34:34","modified_gmt":"2025-08-12T09:34:34","slug":"dr10-g","status":"publish","type":"product","link":"https:\/\/evotek.md\/ro\/produse\/echipamente-frigorifice\/dulapuri-frigorifice\/dr10-g\/","title":{"rendered":"DULAP FRIGORIFIC PENTRU MATURARE USCATA A CARNII 680 LITRI -FRENOX-DR10-G"},"content":{"rendered":"<p><strong>DULAP FRIGORIFIC PENTRU MATURARE USCATA A CARNII 680 LITRI -FRENOX-DR10-G<\/strong>&#8211; Circula\u021bia ideal\u0103 a aerului, potrivit\u0103 pentru carne, este un factor important care nu poate fi ob\u021binut cu un frigider conven\u021bional. Dac\u0103 se dezvolt\u0103 mucegai, acesta poate face carnea foarte repede necomestibil\u0103 \u0219i poate reprezenta un pericol pentru s\u0103n\u0103tate. Prin urmare, un frigider profesional pentru maturare uscat\u0103 este, de asemenea, un frigider climatic. Umiditatea este controlat\u0103, sterilizat\u0103, iar umezeala inutil\u0103 este extras\u0103 \u0219i returnat\u0103 circula\u021biei aerului f\u0103r\u0103 a fi nevoie de ap\u0103. Un proces complex care v\u0103 permite s\u0103 produce\u021bi carne de vit\u0103 maturat\u0103 uscat\u0103 cu un miros delicios.<\/p>\n<p>Caracteristici<br \/>\nTemperatur\u0103: 0\/+5 \u00b0C<br \/>\nVolum: 680 litri<br \/>\nDimensiuni: 100x69x209 cm<br \/>\nDimensiuni \u00een ambalaj: 110x80x220 cm<br \/>\nGreutate: 179 kg<br \/>\nTip o\u021bel inoxidabil: 316<br \/>\nGrosimea izola\u021biei: 60 mm<br \/>\nNum\u0103r de rafturi: 5<br \/>\nAgent frigorific: R404A<br \/>\nTensiune: 220 V \/ 50 Hz<br \/>\nU\u0219i: 2 buc.<br \/>\nUmiditate: umiditate relativ\u0103 65\u201385%<\/p>\n","protected":false},"excerpt":{"rendered":"<p>Dulap frigorific pentru maturarea uscata a carnii. Temperatur\u0103: 0\/+5 \u00b0C; Volum: 680 litri; Dimensiuni: 100x69x209 cm; Dimensiuni \u00een ambalaj: 110x80x220 cm; Greutate: 179 kg; Tip o\u021bel inoxidabil: 316; Grosimea izola\u021biei: 60 mm; Num\u0103r de rafturi: 5; Agent frigorific: R404A; Tensiune: 220 V \/ 50 Hz; U\u0219i: 2 buc.;\u00a0 Umiditate: umiditate relativ\u0103 65\u201385%.<\/p>\n","protected":false},"featured_media":42701,"template":"","meta":[],"_links":{"self":[{"href":"https:\/\/evotek.md\/ro\/wp-json\/wp\/v2\/product\/42698"}],"collection":[{"href":"https:\/\/evotek.md\/ro\/wp-json\/wp\/v2\/product"}],"about":[{"href":"https:\/\/evotek.md\/ro\/wp-json\/wp\/v2\/types\/product"}],"wp:featuredmedia":[{"embeddable":true,"href":"https:\/\/evotek.md\/ro\/wp-json\/wp\/v2\/media\/42701"}],"wp:attachment":[{"href":"https:\/\/evotek.md\/ro\/wp-json\/wp\/v2\/media?parent=42698"}],"curies":[{"name":"wp","href":"https:\/\/api.w.org\/{rel}","templated":true}]}}