{"id":42673,"date":"2025-07-16T14:50:58","date_gmt":"2025-07-16T14:50:58","guid":{"rendered":"https:\/\/evotek.md\/?post_type=product&#038;p=42673"},"modified":"2025-07-16T15:05:30","modified_gmt":"2025-07-16T15:05:30","slug":"emp-pls-9fre03","status":"publish","type":"product","link":"https:\/\/evotek.md\/ro\/produse\/echipamente-termice\/cuptoare-gastronomice-prajire\/emp-pls-9fre03\/","title":{"rendered":"CUPTOR ELECTRIC PENTRU GASTRONOMIE 2 GN 2\/1 -EMP.PLS.9FRE03"},"content":{"rendered":"<p><strong>CUPTOR ELECTRIC PENTRU GASTRONOMIE 2 GN 2\/1 -EMP.PLS.9FRE03-<\/strong> Cuptorul electric din seria 900+ este conceput pentru g\u0103tirea unei game largi de preparate \u00een industria alimentar\u0103, catering \u0219i comer\u021b. Modelul este echipat cu o camer\u0103 de pr\u0103jire cu blocuri de 5 \u00eenc\u0103lzitoare electrice tubulare (TEN) superioare \u0219i 5 inferioare, o u\u0219\u0103 cu balamale \u0219i un panou de control electromecanic cu 2 comutatoare rotative situate pe partea st\u00e2ng\u0103 a frontului. C\u0103ptu\u0219eala interioar\u0103 a camerei este fabricat\u0103 din o\u021bel inoxidabil de \u00eenalt\u0103 calitate. Un raft cu z\u0103brele este inclus \u00een setul de livrare.<\/p>\n<p>Caracteristici<br \/>\nConexiune: 380 V<br \/>\nNum\u0103r de camere: 1<br \/>\nCapacitate\/recipiente: 2<br \/>\nFormat recipient: GN 2\/1<br \/>\nDimensiuni recipient GN: 650&#215;530 mm<br \/>\nInterval de temperatur\u0103: de la 50 la 300 \u00b0C<br \/>\nPutere: 15 kW<br \/>\nL\u0103\u021bime: 1200 mm<br \/>\nAd\u00e2ncime: 790 mm<br \/>\n\u00cen\u0103l\u021bime: 550 mm<br \/>\nGreutate (f\u0103r\u0103 ambalaj): 100 kg<br \/>\n\u021aara de fabrica\u021bie: Turcia<br \/>\nTemperatur\u0103 ambiental\u0103 maxim\u0103: 35 \u00b0C<br \/>\nUmiditate relativ\u0103 maxim\u0103: 80%<br \/>\nPutere maxim\u0103: 10&#215;1.5 kW<br \/>\nSec\u021biune transversal\u0103 cablu de alimentare: 5&#215;4 mm\u00b2<\/p>\n","protected":false},"excerpt":{"rendered":"<p>Cuptor pentru gastronomie. Conexiune: 380 V; Num\u0103r de camere: 1; Capacitate\/recipiente: 2; Format recipient: GN 2\/1; Dimensiuni recipient GN: 650&#215;530 mm; Interval de temperatur\u0103: de la 50 la 300 \u00b0C; Putere: 15 kW; L\u0103\u021bime: 1200 mm; Ad\u00e2ncime: 790 mm; \u00cen\u0103l\u021bime: 550 mm; Greutate (f\u0103r\u0103 ambalaj): 100 kg; \u021aara de fabrica\u021bie: Turcia; Temperatur\u0103 ambiental\u0103 maxim\u0103: 35 \u00b0C; Umiditate relativ\u0103 maxim\u0103: 80%; Putere maxim\u0103: 10&#215;1.5 kW; Sec\u021biune transversal\u0103 cablu de alimentare: 5&#215;4 mm\u00b2.<\/p>\n","protected":false},"featured_media":42676,"template":"","meta":[],"_links":{"self":[{"href":"https:\/\/evotek.md\/ro\/wp-json\/wp\/v2\/product\/42673"}],"collection":[{"href":"https:\/\/evotek.md\/ro\/wp-json\/wp\/v2\/product"}],"about":[{"href":"https:\/\/evotek.md\/ro\/wp-json\/wp\/v2\/types\/product"}],"wp:featuredmedia":[{"embeddable":true,"href":"https:\/\/evotek.md\/ro\/wp-json\/wp\/v2\/media\/42676"}],"wp:attachment":[{"href":"https:\/\/evotek.md\/ro\/wp-json\/wp\/v2\/media?parent=42673"}],"curies":[{"name":"wp","href":"https:\/\/api.w.org\/{rel}","templated":true}]}}