{"id":42656,"date":"2025-07-16T07:46:09","date_gmt":"2025-07-16T07:46:09","guid":{"rendered":"https:\/\/evotek.md\/?post_type=product&#038;p=42656"},"modified":"2025-07-16T08:02:22","modified_gmt":"2025-07-16T08:02:22","slug":"m-09240050","status":"publish","type":"product","link":"https:\/\/evotek.md\/ro\/produse\/utilaje-pentru-spalare-vase\/masina-de-spalat-vase-de-tip-frontal\/m-09240050\/","title":{"rendered":"MASINA DE SPALAT VASE, FRONTALA (230 V) -M-09240050"},"content":{"rendered":"<p><strong>MASINA DE SPALAT VASE, FRONTALA (230 V) -M-09240050- <\/strong>\u00centr-o buc\u0103t\u0103rie profesional\u0103, unde sp\u0103latul vaselor murdare este o munca zilnic\u0103, o ma\u0219in\u0103 de sp\u0103lat vase rapid\u0103 \u0219i eficient\u0103 este pur \u0219i simplu indispensabil\u0103. Cu dou\u0103 programe complete de sp\u0103lare de 100 \u0219i 190 de secunde, pute\u021bi sp\u0103la toate vasele rapid \u0219i u\u0219or. Dup\u0103 sp\u0103lare, vasele sunt cl\u0103tite cu ap\u0103 fierbinte, astfel \u00eenc\u00e2t s\u0103 se usuce rapid \u0219i s\u0103 fie gata pentru urm\u0103toarea utilizare. Nu numai c\u0103 este rapid\u0103, dar este \u0219i foarte silen\u021bioas\u0103, cu un nivel de zgomot sub 65 dB.<\/p>\n<p><strong>*Pentru a beneficia de garan\u021bie este obligatoriu de a fi instalat filtru DVA pentru acest echipament.<\/strong><\/p>\n<p>Caracteristici<br \/>\nL\u0103\u021bime: 58 cm<br \/>\nAd\u00e2ncime: 61 cm<br \/>\n\u00cen\u0103l\u021bime: 83 cm<br \/>\nGreutate: 55 kg<br \/>\nTip surs\u0103 de alimentare: 230 V<br \/>\nPutere electric\u0103: 3560 W<br \/>\nElement rezervor: 2,0 kW<br \/>\nPutere boiler: 3,0 kW<br \/>\nPomp\u0103 de sp\u0103lare: 0,5 kW<br \/>\nCapacitate rezervor: 22 l<br \/>\nCapacitate boiler: 6 l<br \/>\nNum\u0103r de programe: 2<br \/>\nDurata programului: 100 \/ 190 sec.<br \/>\nTemperatur\u0103 de cl\u0103tire: 85 \u00b0C<br \/>\nTemperatur\u0103 de sp\u0103lare: 60 \u00b0C<br \/>\nConsum de ap\u0103 per ciclu: 2,8 l<br \/>\nNum\u0103r de co\u0219uri: 1<br \/>\nDimensiune co\u0219: 50&#215;50 cm<br \/>\nDiametru maxim farfurii: 32,5 cm<br \/>\nConsum de ap\u0103 per ciclu: 2,8 l<br \/>\nInclude: furtun de alimentare, furtun de scurgere, co\u0219 pentru tac\u00e2muri, co\u0219 pentru farfurii (50&#215;50 cm), co\u0219 pentru pahare (50&#215;50 cm).<\/p>\n","protected":false},"excerpt":{"rendered":"<p>Ma\u0219in\u0103 de sp\u0103lat vase de tip frontal. L\u0103\u021bime: 58 cm; Ad\u00e2ncime: 61 cm; \u00cen\u0103l\u021bime: 83 cm; Greutate: 55 kg; Tip surs\u0103 de alimentare: 230 V; Putere electric\u0103: 3560 W; Element rezervor: 2,0 kW; Putere boiler: 3,0 kW; Pomp\u0103 de sp\u0103lare: 0,5 kW; Capacitate rezervor: 22 l; Capacitate boiler: 6 l; Num\u0103r de programe: 2; Durata programului: 100 \/ 190 sec.; Temperatur\u0103 de cl\u0103tire: 85 \u00b0C; Temperatur\u0103 de sp\u0103lare: 60 \u00b0C; Consum de ap\u0103 per ciclu: 2,8 l; Num\u0103r de co\u0219uri: 1; Dimensiune co\u0219: 50&#215;50 cm; Diametru maxim farfurii: 32,5 cm; Consum de ap\u0103 per ciclu: 2,8 l; Include: furtun de alimentare, furtun de scurgere, co\u0219 pentru tac\u00e2muri, co\u0219 pentru farfurii (50&#215;50 cm), co\u0219 pentru pahare (50&#215;50 cm).<\/p>\n<p><strong>*Pentru a beneficia de garan\u021bie este obligatoriu de a fi instalat filtru DVA pentru acest echipament.<\/strong><\/p>\n","protected":false},"featured_media":42658,"template":"","meta":[],"_links":{"self":[{"href":"https:\/\/evotek.md\/ro\/wp-json\/wp\/v2\/product\/42656"}],"collection":[{"href":"https:\/\/evotek.md\/ro\/wp-json\/wp\/v2\/product"}],"about":[{"href":"https:\/\/evotek.md\/ro\/wp-json\/wp\/v2\/types\/product"}],"wp:featuredmedia":[{"embeddable":true,"href":"https:\/\/evotek.md\/ro\/wp-json\/wp\/v2\/media\/42658"}],"wp:attachment":[{"href":"https:\/\/evotek.md\/ro\/wp-json\/wp\/v2\/media?parent=42656"}],"curies":[{"name":"wp","href":"https:\/\/api.w.org\/{rel}","templated":true}]}}