{"id":42651,"date":"2025-07-16T06:36:50","date_gmt":"2025-07-16T06:36:50","guid":{"rendered":"https:\/\/evotek.md\/?post_type=product&#038;p=42651"},"modified":"2025-07-16T07:35:54","modified_gmt":"2025-07-16T07:35:54","slug":"rceb-80","status":"publish","type":"product","link":"https:\/\/evotek.md\/ro\/produse\/echipamente-electromecanice\/mixer-aluat\/rceb-80\/","title":{"rendered":"MALAXOR RABATABIL CU BOL DETASABIL, 80 KG -MACPAN-RCEB 80"},"content":{"rendered":"<p><strong>MALAXOR RABATABIL CU BOL DETASABIL, 80 KG -MACPAN-RCEB 80-<\/strong> Malaxorul rabatabil cu bol detasabil de 80 kg este un echipament indispensabil pentru unit\u0103\u021bile de catering care doresc s\u0103 optimizeze amestecarea aluatului \u0219i alte procese de g\u0103tire. Special conceput pentru buc\u0103t\u0103rii profesionale, laboratoare de patiserie, precum \u0219i pentru restaurante, pizzerii \u0219i unit\u0103\u021bi de fast-food, elevatorul asigur\u0103 o func\u021bionare eficient\u0103, reduc\u00e2nd timpul \u0219i efortul operatorilor.<\/p>\n<p>Liftul pliabil pentru bolul demotabil economise\u0219te timp operatorului la scoaterea aluatului din bol. Datorit\u0103 sistemului oleohidraulic, toate opera\u021biunile se efectueaz\u0103 \u00een siguran\u021b\u0103 \u0219i silen\u021bios.<\/p>\n<p>Caracteristici<br \/>\nConsum de energie: 1,1 kW<br \/>\nDimensiunile echipamentului: 150x150x145 cm<br \/>\n\u00cen\u0103l\u021bimea de ridicare (H s): 120 cm<br \/>\n\u00cen\u0103l\u021bimea total\u0103 (H r): 250 cm<br \/>\nGreutate: 430 kg<br \/>\nMotor electric unic<br \/>\nSistem hidraulic de ridicare<br \/>\nComand\u0103 cu buton dublu<br \/>\nRapid \u0219i u\u0219or de cur\u0103\u021bat<\/p>\n","protected":false},"excerpt":{"rendered":"<p>Malaxor 80 kg. Consum de energie: 1,1 kW; Dimensiunile echipamentului: 150x150x145 cm; \u00cen\u0103l\u021bimea de ridicare (H s): 120 cm; \u00cen\u0103l\u021bimea total\u0103 (H r): 250 cm; Greutate: 430 kg; Motor electric unic; Sistem hidraulic de ridicare; Comand\u0103 cu buton dublu; Rapid \u0219i u\u0219or de cur\u0103\u021bat.<\/p>\n","protected":false},"featured_media":42653,"template":"","meta":[],"_links":{"self":[{"href":"https:\/\/evotek.md\/ro\/wp-json\/wp\/v2\/product\/42651"}],"collection":[{"href":"https:\/\/evotek.md\/ro\/wp-json\/wp\/v2\/product"}],"about":[{"href":"https:\/\/evotek.md\/ro\/wp-json\/wp\/v2\/types\/product"}],"wp:featuredmedia":[{"embeddable":true,"href":"https:\/\/evotek.md\/ro\/wp-json\/wp\/v2\/media\/42653"}],"wp:attachment":[{"href":"https:\/\/evotek.md\/ro\/wp-json\/wp\/v2\/media?parent=42651"}],"curies":[{"name":"wp","href":"https:\/\/api.w.org\/{rel}","templated":true}]}}