{"id":42644,"date":"2025-07-15T10:06:59","date_gmt":"2025-07-15T10:06:59","guid":{"rendered":"https:\/\/evotek.md\/?post_type=product&#038;p=42644"},"modified":"2025-07-15T10:12:04","modified_gmt":"2025-07-15T10:12:04","slug":"ak3204tn","status":"publish","type":"product","link":"https:\/\/evotek.md\/ro\/produse\/echipamente-frigorifice\/masa-frigider\/ak3204tn\/","title":{"rendered":"MASA FRIGORIFICA, 3 USI, 417 LITRI -AK3204TN"},"content":{"rendered":"<p><strong>MASA FRIGORIFICA, 3 USI, 417 LITRI -AK3204TN-<\/strong> Mas\u0103 frigorific\u0103 cu construc\u021bie intern\u0103 \u0219i extern\u0103 din inox.<br \/>\nStructur\u0103 extern\u0103 \u0219i intern\u0103 din o\u021bel inoxidabil<br \/>\nSp\u0103tar ridicat de 10 cm<br \/>\nR\u0103cire ventilat\u0103 cu unitate frigorific\u0103 integrat\u0103<br \/>\nUnitate frigorific\u0103 retractabil\u0103<br \/>\nEvaporator cu tratament anticoroziv<br \/>\nUnitate de control digital\u0103<br \/>\nToc de u\u0219\u0103 cu \u00eenc\u0103lzire anticondens<br \/>\nRecirculare aer rece<br \/>\nDezghe\u021bare automat\u0103<br \/>\nEvaporare automat\u0103 a condensului<br \/>\nGrosime a izola\u021biei de 60 mm<br \/>\nGarnituri magnetice u\u0219or de \u00eendep\u0103rtat<br \/>\nMargini rotunjite interne<br \/>\nCompartiment de service cu blocare cu cheie<br \/>\nPanouri exterioare inferioare \u0219i spate din o\u021bel galvanizat<br \/>\nPicioare reglabile din o\u021bel inoxidabil<br \/>\nEchipat cu 3 rafturi GN1\/1<br \/>\nUn set de 4 ro\u021bi (2 cu fr\u00e2n\u0103) model RBA4 disponibil la cerere.<br \/>\nUn set de 2 sertare (model SET2) sau un set de 3 sertare (model SET3) disponibil la cerere.<\/p>\n<p>Caracteristici<br \/>\nClasa de eficien\u021b\u0103 energetic\u0103: C (2015\/1094\/UE)<br \/>\nClasa climatic\u0103: 4<br \/>\nPutere: 230 W<br \/>\nSursa de alimentare: 230\/1H\/50<br \/>\nInterval de temperatur\u0103: -2 \u00f7 +8 \u00b0C<br \/>\nTip agent frigorific: Gaz 290 p.<br \/>\nTemperatur\u0103\/umiditate maxim\u0103: +40 \u00b0C \/ 60% umiditate relativ\u0103<br \/>\nDimensiuni: 1795x700x950h mm<br \/>\nDimensiuni interne: 1337x530x589h mm<br \/>\nCapacitate de depozitare: 417 l<br \/>\nNum\u0103r \u0219i tip de rafturi: 3 x GN1\/1<br \/>\nGreutate net\u0103: 119 kg<br \/>\nGreutate brut\u0103: 143 kg<br \/>\nDimensiuni ambalaj: 183x73x101h cm<\/p>\n<p>&nbsp;<\/p>\n","protected":false},"excerpt":{"rendered":"<p>Mas\u0103 frigorific\u0103 cu bordur la perete cu capacitatea de 417 litri. Clasa de eficien\u021b\u0103 energetic\u0103: C (2015\/1094\/UE); Clasa climatic\u0103: 4; Putere: 230 W; Sursa de alimentare: 230\/1H\/50; Interval de temperatur\u0103: -2 \u00f7 +8 \u00b0C; Tip agent frigorific: Gaz 290 p.; Temperatur\u0103\/umiditate maxim\u0103: +40 \u00b0C \/ 60% umiditate relativ\u0103; Dimensiuni: 1795x700x950h mm; Dimensiuni interne: 1337x530x589h mm; Capacitate de depozitare: 417 l; Num\u0103r \u0219i tip de rafturi: 3 x GN1\/1; Greutate net\u0103: 119 kg; Greutate brut\u0103: 143 kg; Dimensiuni ambalaj: 183x73x101h cm.<\/p>\n","protected":false},"featured_media":22587,"template":"","meta":[],"_links":{"self":[{"href":"https:\/\/evotek.md\/ro\/wp-json\/wp\/v2\/product\/42644"}],"collection":[{"href":"https:\/\/evotek.md\/ro\/wp-json\/wp\/v2\/product"}],"about":[{"href":"https:\/\/evotek.md\/ro\/wp-json\/wp\/v2\/types\/product"}],"wp:featuredmedia":[{"embeddable":true,"href":"https:\/\/evotek.md\/ro\/wp-json\/wp\/v2\/media\/22587"}],"wp:attachment":[{"href":"https:\/\/evotek.md\/ro\/wp-json\/wp\/v2\/media?parent=42644"}],"curies":[{"name":"wp","href":"https:\/\/api.w.org\/{rel}","templated":true}]}}