{"id":42637,"date":"2025-07-14T14:59:32","date_gmt":"2025-07-14T14:59:32","guid":{"rendered":"https:\/\/evotek.md\/?post_type=product&#038;p=42637"},"modified":"2025-07-14T15:02:49","modified_gmt":"2025-07-14T15:02:49","slug":"juka-adx125","status":"publish","type":"product","link":"https:\/\/evotek.md\/ro\/produse\/echipamente-frigorifice\/vitrina-frigorifica-de-perete\/juka-adx125\/","title":{"rendered":"VITRINA FRIGORIFICA VERTICALA DE PERETE 1000 dm\u00b3 -JUKA-ADX125"},"content":{"rendered":"<p><strong>VITRINA FRIGORIFICA VERTICALA DE PERETE 1000 dm\u00b3 -JUKA-ADX125-<\/strong> Vitrina frigorific\u0103 vertical\u0103 inovatoare de perete, conceput\u0103 pentru organizarea expunerii \u0219i v\u00e2nz\u0103rii de produse alimentare cu acces liber \u00een magazine alimentare, supermarketuri \u0219i hipermarketuri. Acest echipament modern de refrigerare ofer\u0103 o suprafa\u021b\u0103 optim\u0103 de expunere, o expunere convenabil\u0103 \u0219i u\u0219urin\u021b\u0103 \u00een \u00eentre\u021binere.<\/p>\n<p>Caracteristici<br \/>\nLungime (f\u0103r\u0103 panouri laterale): 1250 mm<br \/>\nAd\u00e2ncime: 800 mm<br \/>\n\u00cen\u0103l\u021bime: 2100 mm<br \/>\nGreutate net\u0103: 280 kg<br \/>\nVolum brut: 1000 dm\u00b3<br \/>\nVolum net: 780 dm\u00b3<br \/>\nSuprafa\u021b\u0103 de afi\u0219are (5 r\u00e2nduri de rafturi superioare + 1 r\u00e2nd de rafturi inferioare): 3,4 m\u00b2<br \/>\nSarcin\u0103 maxim\u0103 pe 1 raft: 20 kg<br \/>\nInterval temperatur\u0103 ambiant\u0103: +16&#8230;+25\u00b0C<br \/>\nUmiditate recomandat\u0103: &lt;60 %<br \/>\nTemperatur\u0103 de func\u021bionare: +2&#8230;+8\u00b0C<br \/>\nClas\u0103 climatic\u0103: 3<br \/>\nAgent frigorific: 290 RUR<br \/>\nCantitate agent de r\u0103cire: 0,15 kg<br \/>\nTip r\u0103cire: dinamic<br \/>\nTensiune\/frecven\u021b\u0103: 220-240\/50 V\/Hz<br \/>\nConsum nominal de curent: 5,8 A<br \/>\nConsumul de curent este luat la o temperatur\u0103 de 25\u00b0C<br \/>\n17 kW\/24h<\/p>\n","protected":false},"excerpt":{"rendered":"<p>Vitrina frigorific\u0103 vertical\u0103 de perete. Lungime (f\u0103r\u0103 panouri laterale): 1250 mm; Ad\u00e2ncime: 800 mm; \u00cen\u0103l\u021bime: 2100 mm; Greutate net\u0103: 280 kg; Volum brut: 1000 dm\u00b3; Volum net: 780 dm\u00b3; Suprafa\u021b\u0103 de afi\u0219are (5 r\u00e2nduri de rafturi superioare + 1 r\u00e2nd de rafturi inferioare): 3,4 m\u00b2; Sarcin\u0103 maxim\u0103 pe 1 raft: 20 kg; Interval temperatur\u0103 ambiant\u0103: +16&#8230;+25\u00b0C; Umiditate recomandat\u0103: &lt;60 %; Temperatur\u0103 de func\u021bionare: +2&#8230;+8\u00b0C; Clas\u0103 climatic\u0103: 3; Agent frigorific: 290 RUR; Cantitate agent de r\u0103cire: 0,15 kg; Tip r\u0103cire: dinamic; Tensiune\/frecven\u021b\u0103: 220-240\/50 V\/Hz; Consum nominal de curent: 5,8 A; Consumul de curent este luat la o temperatur\u0103 de 25\u00b0C; 17 kW\/24h.<\/p>\n","protected":false},"featured_media":42642,"template":"","meta":[],"_links":{"self":[{"href":"https:\/\/evotek.md\/ro\/wp-json\/wp\/v2\/product\/42637"}],"collection":[{"href":"https:\/\/evotek.md\/ro\/wp-json\/wp\/v2\/product"}],"about":[{"href":"https:\/\/evotek.md\/ro\/wp-json\/wp\/v2\/types\/product"}],"wp:featuredmedia":[{"embeddable":true,"href":"https:\/\/evotek.md\/ro\/wp-json\/wp\/v2\/media\/42642"}],"wp:attachment":[{"href":"https:\/\/evotek.md\/ro\/wp-json\/wp\/v2\/media?parent=42637"}],"curies":[{"name":"wp","href":"https:\/\/api.w.org\/{rel}","templated":true}]}}