{"id":42625,"date":"2025-07-11T11:34:32","date_gmt":"2025-07-11T11:34:32","guid":{"rendered":"https:\/\/evotek.md\/?post_type=product&#038;p=42625"},"modified":"2025-07-11T11:45:14","modified_gmt":"2025-07-11T11:45:14","slug":"ur200x1","status":"publish","type":"product","link":"https:\/\/evotek.md\/ro\/produse\/echipamente-frigorifice\/dulapuri-frigorifice\/ur200x1\/","title":{"rendered":"DULAP FRIGORIFIC, 1 USA, 129 LITRI -TEFCOLD-UR200X1"},"content":{"rendered":"<p><strong>DULAP FRIGORIFIC, 1 USA, 129\u00a0 LITRI -TEFCOLD-UR200X1-<\/strong> Dulap frigorific.<\/p>\n<p>Caracteristici<br \/>\nInterval de temperatur\u0103: -2 p\u00e2n\u0103 la +8 \u00b0C<br \/>\nClasa climatic\u0103: 4<br \/>\nGreutate brut\u0103 \/ net\u0103: 54 \/ 49 kg<br \/>\nVolum brut \/ net: 129 \/ 119 litri<br \/>\n2 picioare reglabile<br \/>\n<span style=\"font-size: 14.4px\">2 r<\/span>o\u021bi<br \/>\nFinisaj exterior: SS430<br \/>\nFinisaj interior: Alb<br \/>\n1 u\u0219\u0103 astupata cu balamale<br \/>\n3 rafturi metalice albe<br \/>\nDimensiuni raft: 503&#215;415 mm<br \/>\nDimensiuni raft inferior: 503&#215;225 mm<br \/>\nSarcin\u0103 maxim\u0103 pe rafturi: 110 kg\/m\u00b2<br \/>\nTip controler: Electronic<br \/>\nTip r\u0103cire: Asistat\u0103 de ventilator<br \/>\nTip de dezghe\u021bare: Ciclu de oprire automat\u0103<br \/>\nAgent frigorific: R600a<br \/>\n\u00cenc\u0103rcare agent frigorific: 50 g<br \/>\nDimensiuni interne (L\/A\/\u00ce): 510x485x620 mm<br \/>\nDimensiuni externe (L\/A\/\u00ce): 600x615x855 mm<br \/>\nDimensiuni ambalate (L\/A\/\u00ce): 680x680x1050 mm<\/p>\n","protected":false},"excerpt":{"rendered":"<p>Dulap frigorific din inox. Interval de temperatur\u0103: -2 p\u00e2n\u0103 la +8 \u00b0C; Clasa climatic\u0103: 4; Greutate brut\u0103 \/ net\u0103: 54 \/ 49 kg; Volum brut \/ net: 129 \/ 119 l; Picioare: 2 picioare reglabile; 2 ro\u021bi; Finisaj exterior: SS430; Finisaj interior: Alb; 1 u\u0219\u0103 astupata cu balamale; 3 rafturi metalice albe; Dimensiuni raft: 503&#215;415 mm; Dimensiuni raft inferior: 503&#215;225 mm; Sarcin\u0103 maxim\u0103 pe rafturi: 110 kg\/m\u00b2; Tip controler: Electronic; Tip r\u0103cire: Asistat\u0103 de ventilator; Tip de dezghe\u021bare: Ciclu de oprire automat\u0103; Agent frigorific: R600a; \u00cenc\u0103rcare agent frigorific: 50 g; Dimensiuni interne (L\/A\/\u00ce): 510x485x620 mm; Dimensiuni externe (L\/A\/\u00ce): 600x615x855 mm; Dimensiuni ambalate (L\/A\/\u00ce): 680x680x1050 mm.<\/p>\n","protected":false},"featured_media":42624,"template":"","meta":[],"_links":{"self":[{"href":"https:\/\/evotek.md\/ro\/wp-json\/wp\/v2\/product\/42625"}],"collection":[{"href":"https:\/\/evotek.md\/ro\/wp-json\/wp\/v2\/product"}],"about":[{"href":"https:\/\/evotek.md\/ro\/wp-json\/wp\/v2\/types\/product"}],"wp:featuredmedia":[{"embeddable":true,"href":"https:\/\/evotek.md\/ro\/wp-json\/wp\/v2\/media\/42624"}],"wp:attachment":[{"href":"https:\/\/evotek.md\/ro\/wp-json\/wp\/v2\/media?parent=42625"}],"curies":[{"name":"wp","href":"https:\/\/api.w.org\/{rel}","templated":true}]}}