{"id":42607,"date":"2025-07-08T14:45:31","date_gmt":"2025-07-08T14:45:31","guid":{"rendered":"https:\/\/evotek.md\/?post_type=product&#038;p=42607"},"modified":"2025-07-09T06:19:00","modified_gmt":"2025-07-09T06:19:00","slug":"tiger-fg-800-l1250","status":"publish","type":"product","link":"https:\/\/evotek.md\/ro\/produse\/echipamente-frigorifice\/vitrine-frigorifice\/tiger-fg-800-l1250\/","title":{"rendered":"VITRINA FRIGORIFICA PENTRU GASTRONOMIE 1250 mm -PROSO-TIGER FG 800 L1250"},"content":{"rendered":"<p><strong>VITRINA FRIGORIFICA PENTRU GASTRONOMIE 1250 mm -PROSO-TIGER FG 800 L1250<\/strong><\/p>\n<p>Sticla dreapt\u0103 ofer\u0103 o vedere clar\u0103 \u0219i neobstruc\u021bionat\u0103 asupra produselor expuse. Clien\u021bii pot vedea cu u\u0219urin\u021b\u0103 produsele f\u0103r\u0103 nicio distorsiune, oferind o prezentare simpl\u0103 \u0219i atractiv\u0103.<\/p>\n<p>Utilizarea sticlei drepte confer\u0103 tejghelei un aspect elegant \u0219i modern. Ofer\u0103 un aspect curat \u0219i sofisticat, sporind atractivitatea vizual\u0103 general\u0103 a produselor expuse.<\/p>\n<p>Sticla dreapt\u0103 permite op\u021biuni versatile de amplasare \u0219i expunere a produselor. Ofer\u0103 o suprafa\u021b\u0103 plan\u0103 pentru organizarea \u0219i expunerea diverselor produse, permi\u021b\u00e2nd op\u021biuni creative de merchandising care pot fi u\u0219or adaptate pentru a eviden\u021bia promo\u021biile sau produsele expuse.<\/p>\n<p>Designul sticlei drepte optimizeaz\u0103 utilizarea spa\u021biului at\u00e2t vizual, c\u00e2t \u0219i practic. Ofer\u0103 clien\u021bilor o vedere clar\u0103 asupra produselor, maximiz\u00e2nd suprafa\u021ba de expunere disponibil\u0103, f\u0103c\u00e2nd-o eficient\u0103 at\u00e2t pentru clien\u021bi, c\u00e2t \u0219i pentru personalul magazinului.<\/p>\n<p>Suprafe\u021bele drepte din sticl\u0103 sunt \u00een general mai u\u0219or de cur\u0103\u021bat \u0219i \u00eentre\u021binut \u00een compara\u021bie cu sticla curbat\u0103. Natura plat\u0103 \u0219i accesibil\u0103 a sticlei simplific\u0103 procesul de cur\u0103\u021bare, asigur\u00e2nd c\u0103 afi\u0219ajul r\u0103m\u00e2ne impecabil \u0219i atractiv pentru cump\u0103r\u0103tori.<\/p>\n<p>Distribu\u021bie uniform\u0103 a luminii:<\/p>\n<p>Sticla dreapt\u0103 ofer\u0103 o distribu\u021bie uniform\u0103 a luminii pe toate produsele expuse. Acest lucru asigur\u0103 c\u0103 toate produsele primesc o iluminare adecvat\u0103, sporindu-le vizibilitatea \u0219i atractivitatea pentru cump\u0103r\u0103tori, f\u0103r\u0103 umbre sau iluminare neuniform\u0103.<\/p>\n<p>Caracteristici<br \/>\nLungime: 1250 mm<br \/>\nPanou lateral: 40 mm<br \/>\nTemperaturi de func\u021bionare: M1 (-1\/+5\u00b0C) &#8211; M2 (-1\/+7\u00b0C)<br \/>\nCondi\u021bii de mediu: 25\u00b0C \/ 60% UR<br \/>\nCu sticl\u0103 dreapta<\/p>\n","protected":false},"excerpt":{"rendered":"<p>Vitrin\u0103 frigorific\u0103 pentru gastronomie. Lungime: 1250 mm; Panou lateral: 40 mm; Temperaturi de func\u021bionare: M1 (-1\/+5\u00b0C) &#8211; M2 (-1\/+7\u00b0C); Condi\u021bii de mediu: 25\u00b0C \/ 60% UR; Cu sticl\u0103 dreapta.<\/p>\n","protected":false},"featured_media":42610,"template":"","meta":[],"_links":{"self":[{"href":"https:\/\/evotek.md\/ro\/wp-json\/wp\/v2\/product\/42607"}],"collection":[{"href":"https:\/\/evotek.md\/ro\/wp-json\/wp\/v2\/product"}],"about":[{"href":"https:\/\/evotek.md\/ro\/wp-json\/wp\/v2\/types\/product"}],"wp:featuredmedia":[{"embeddable":true,"href":"https:\/\/evotek.md\/ro\/wp-json\/wp\/v2\/media\/42610"}],"wp:attachment":[{"href":"https:\/\/evotek.md\/ro\/wp-json\/wp\/v2\/media?parent=42607"}],"curies":[{"name":"wp","href":"https:\/\/api.w.org\/{rel}","templated":true}]}}