{"id":42602,"date":"2025-07-08T07:03:37","date_gmt":"2025-07-08T07:03:37","guid":{"rendered":"https:\/\/evotek.md\/?post_type=product&#038;p=42602"},"modified":"2025-07-08T07:10:20","modified_gmt":"2025-07-08T07:10:20","slug":"coldline-w5ugs","status":"publish","type":"product","link":"https:\/\/evotek.md\/ro\/produse\/echipamente-frigorifice\/congelator-cu-soc-termic\/coldline-w5ugs\/","title":{"rendered":"CONGELATOR CU SOC TERMIC, 5 NIVELE -COLDLINE-W5UGS"},"content":{"rendered":"<p><strong>CONGELATOR CU SOC TERMIC, 5 NIVELE -COLDLINE-W5UGS<\/strong><br \/>\nCongelatorul cu soc termic este utilizat \u00een \u00eentreprinderile de catering \u0219i comer\u021b pentru congelarea rapid\u0103 a produselor tratate pre\u00eenc\u0103lzit, asigur\u00e2nd cel mai \u00eenalt nivel de protec\u021bie sanitar\u0103 \u0219i igienic\u0103.<\/p>\n<p>Caracteristici<br \/>\nInterval de temperatur\u0103 de r\u0103cire: de la 90 la 3 \u00b0C<br \/>\nCapacitate ciclu de r\u0103cire: 20 kg<br \/>\nInterval de temperatur\u0103 de congelare: de la 90 la -18 \u00b0C<br \/>\nCapacitate ciclu de congelare: 14 kg<br \/>\nNum\u0103r de nivele: 5<br \/>\nTav\u0103: GN 1\/1 (530&#215;325 mm), 600&#215;400 mm<br \/>\nTensiune: 220 V<br \/>\nPutere: 1,03 kW<br \/>\nL\u0103\u021bime: 710 mm<br \/>\nAd\u00e2ncime: 700 mm<br \/>\n\u00cen\u0103l\u021bime: 853 mm<br \/>\n\u021aara de origine: Italia<\/p>\n","protected":false},"excerpt":{"rendered":"<p>Congelator cu \u0219oc termic. Interval de temperatur\u0103 de r\u0103cire: de la 90 la 3 \u00b0C; Capacitate ciclu de r\u0103cire: 20 kg; Interval de temperatur\u0103 de congelare: de la 90 la -18 \u00b0C; Capacitate ciclu de congelare: 14 kg; Num\u0103r de nivele: 5; Tav\u0103: GN 1\/1 (530&#215;325 mm), 600&#215;400 mm; Tensiune: 220 V; Putere: 1,03 kW; L\u0103\u021bime: 710 mm; Ad\u00e2ncime: 700 mm; \u00cen\u0103l\u021bime: 853 mm; \u021aara de origine: Italia.<\/p>\n","protected":false},"featured_media":42605,"template":"","meta":[],"_links":{"self":[{"href":"https:\/\/evotek.md\/ro\/wp-json\/wp\/v2\/product\/42602"}],"collection":[{"href":"https:\/\/evotek.md\/ro\/wp-json\/wp\/v2\/product"}],"about":[{"href":"https:\/\/evotek.md\/ro\/wp-json\/wp\/v2\/types\/product"}],"wp:featuredmedia":[{"embeddable":true,"href":"https:\/\/evotek.md\/ro\/wp-json\/wp\/v2\/media\/42605"}],"wp:attachment":[{"href":"https:\/\/evotek.md\/ro\/wp-json\/wp\/v2\/media?parent=42602"}],"curies":[{"name":"wp","href":"https:\/\/api.w.org\/{rel}","templated":true}]}}