{"id":42588,"date":"2025-07-07T14:47:32","date_gmt":"2025-07-07T14:47:32","guid":{"rendered":"https:\/\/evotek.md\/?post_type=product&#038;p=42588"},"modified":"2025-07-07T14:58:44","modified_gmt":"2025-07-07T14:58:44","slug":"m-09374180","status":"publish","type":"product","link":"https:\/\/evotek.md\/ro\/produse\/echipamente-pentru-fast-food\/aparate-pentru-vafe\/m-09374180\/","title":{"rendered":"APARAT ELECTRIC PENTRU VAFE BELGIENE, ROTATIV, 2 BUCATI (DREPTUNGHI) -M-09374180"},"content":{"rendered":"<p><strong>APARAT ELECTRIC PENTRU VAFE BELGIENE, ROTATIV, 2 BUCATI (DREPTUNGHI) -M-09374180<\/strong><br \/>\nCu acest aparat de vafe robust, pute\u021bi prepara rapid \u0219i u\u0219or dou\u0103 vafe belgiene \u00een acela\u0219i timp. Deoarece aparatul de vafe este rotativ, vafele sunt coapte uniform p\u00e2n\u0103 se rumenesc. Acest aparat de vafe profesional este un atu pentru fiecare cofet\u0103rie, cafenea sau restaurant. Tava de aluminiu cu strat antiaderent asigur\u0103 o bun\u0103 conductivitate termic\u0103. Acest lucru are avantajul suplimentar c\u0103 t\u0103vile se \u00eenc\u0103lzesc rapid \u0219i r\u0103m\u00e2n calde \u00een timpul utiliz\u0103rii.<\/p>\n<p>Datorit\u0103 construc\u021biei sale durabile, acest aparat de vafe are o durat\u0103 lung\u0103 de via\u021b\u0103. De asemenea, are un termostat variabil care v\u0103 permite s\u0103 seta\u021bi temperaturi \u00eentre 50 \u0219i 300\u00baC. Acesta este un dispozitiv u\u0219or de utilizat, cu un afi\u0219aj digital u\u0219or de citit. Aparatul de vafe are \u0219i un m\u00e2ner robust. De \u00eendat\u0103 ce indicatorul luminos nu mai clipe\u0219te, aparatul de vafe a atins temperatura potrivit\u0103 \u0219i vafele pot fi preparate. Aparatul de vafe are \u0219i un cronometru care poate fi setat \u00eentre 0 \u0219i 10 minute. Alarma v\u0103 anun\u021b\u0103 c\u00e2nd vafele sunt gata.<\/p>\n<p>Caracteristici<br \/>\nL\u0103\u021bime: 60,5 <span style=\"font-size: 14.4px\">cm<\/span><br \/>\nAd\u00e2ncime: 34,5 <span style=\"font-size: 14.4px\">cm<\/span><br \/>\n\u00cen\u0103l\u021bime: 29 <span style=\"font-size: 14.4px\">cm<\/span><br \/>\nGreutate: 12 <span style=\"font-size: 14.4px\">kg<\/span><br \/>\nTip alimentare: 230 V<br \/>\nNum\u0103r de prize: 1<br \/>\n<span style=\"font-size: 14.4px\">Putere electric\u0103 total\u0103: 1,2 kW \/ 230V\/50Hz\/Monofazat 1200W<\/span><br \/>\nTip afi\u0219aj: Digital<br \/>\nTemporizator \u00eencorporat<br \/>\nAcoperire antiaderent\u0103<br \/>\nDimensiuni vafe: 9,5&#215;16,5&#215;1,8 <span style=\"font-size: 14.4px\">cm<\/span><br \/>\nCapacitate: 2 bucati<br \/>\nMaterial carcas\u0103: O\u021bel inoxidabil<br \/>\nTermostat variabil: de la 50 \u00b0C la 300 \u00b0C<br \/>\nEchipat cu un cronometru de la 0 la 10 minute cu alarm\u0103<br \/>\nAparatul este rotativ<\/p>\n<p>&nbsp;<\/p>\n","protected":false},"excerpt":{"rendered":"<p>Aparat rotativ pentru vafe. L\u0103\u021bime: 60,5 <span style=\"font-size: 14.4px\">cm; <\/span>Ad\u00e2ncime: 34,5 <span style=\"font-size: 14.4px\">cm; <\/span>\u00cen\u0103l\u021bime: 29 <span style=\"font-size: 14.4px\">cm; <\/span>Greutate: 12 <span style=\"font-size: 14.4px\">kg; <\/span>Tip alimentare: 230 V; Num\u0103r de prize: 1; <span style=\"font-size: 14.4px\">Putere electric\u0103 total\u0103: 1,2 kW \/ 230V\/50Hz\/Monofazat 1200W; <\/span>Tip afi\u0219aj: Digital; Temporizator \u00eencorporat; Acoperire antiaderent\u0103 ; Dimensiuni vafe: 9,5&#215;16,5&#215;1,8 <span style=\"font-size: 14.4px\">cm; <\/span>Capacitate: 2 bucati; Material carcas\u0103: O\u021bel inoxidabil; Termostat variabil: de la 50 \u00b0C la 300 \u00b0C; Echipat cu un cronometru de la 0 la 10 minute cu alarm\u0103; Aparatul este rotativ.<\/p>\n","protected":false},"featured_media":42591,"template":"","meta":[],"_links":{"self":[{"href":"https:\/\/evotek.md\/ro\/wp-json\/wp\/v2\/product\/42588"}],"collection":[{"href":"https:\/\/evotek.md\/ro\/wp-json\/wp\/v2\/product"}],"about":[{"href":"https:\/\/evotek.md\/ro\/wp-json\/wp\/v2\/types\/product"}],"wp:featuredmedia":[{"embeddable":true,"href":"https:\/\/evotek.md\/ro\/wp-json\/wp\/v2\/media\/42591"}],"wp:attachment":[{"href":"https:\/\/evotek.md\/ro\/wp-json\/wp\/v2\/media?parent=42588"}],"curies":[{"name":"wp","href":"https:\/\/api.w.org\/{rel}","templated":true}]}}