{"id":42586,"date":"2025-07-07T08:32:47","date_gmt":"2025-07-07T08:32:47","guid":{"rendered":"https:\/\/evotek.md\/?post_type=product&#038;p=42586"},"modified":"2025-07-07T08:41:43","modified_gmt":"2025-07-07T08:41:43","slug":"svk-4-3i","status":"publish","type":"product","link":"https:\/\/evotek.md\/ro\/produse\/echipamente-termice\/plite-cu-inductie\/svk-4-3i\/","title":{"rendered":"PLITA CU INDUCTIE 3 ARZATOARE, DE PODEA 10,5 kW -SVK-4-3I"},"content":{"rendered":"<p><strong>PLITA CU INDUCTIE 3 ARZATOARE, DE PODEA 10,5 kW -SVK-4-3I-<\/strong> Plita cu induc\u021bie ofer\u0103 economii semnificative datorit\u0103 consumului minim de energie, deoarece plita nu are elemente de \u00eenc\u0103lzire, nu exist\u0103 pierderi de c\u0103ldur\u0103 \u00een timpul transferului de la elementul de \u00eenc\u0103lzire al suprafe\u021bei arz\u0103torului la fundul vasului de g\u0103tit.<\/p>\n<p><strong>Arz\u0103toare<\/strong><br \/>\nDiametrul minim al vasului de g\u0103tit de la 100 mm.<br \/>\nArz\u0103torul are protec\u021bie \u00eempotriva \u00eenc\u0103lzirii tac\u00e2murilor a\u0219ezate accidental pe el, de exemplu, un cu\u021bit sau o lingur\u0103.<br \/>\nToate elementele conduc\u0103toare de curent din interiorul arz\u0103torului<br \/>\nsunt protejate \u00een mod fiabil de praf \u0219i vapori de gr\u0103sime.<\/p>\n<p><strong>Panou de control<\/strong><br \/>\nPanoul de control cu \u200b\u200bindicator luminos are func\u021bii de control pentru reglarea puterii, temperaturii \u0219i a unui cronometru de p\u00e2n\u0103 la 180 de minute.<br \/>\nButonul de rota\u021bie (encoder) f\u0103r\u0103 limitator, ceea ce asigur\u0103 u\u0219urin\u021ba \u00een utilizare \u0219i prelunge\u0219te semnificativ durata de via\u021b\u0103 a produsului.<br \/>\nPanoul este etan\u0219at ermetic \u00eempotriva p\u0103trunderii umezelii.<\/p>\n<p><strong>R\u0103cire<\/strong><br \/>\nFiecare arz\u0103tor este echipat cu ventilatoare pentru r\u0103cirea componentelor electronice \u0219i ventilatoare suplimentare pe corpul plitei. Acest lucru are un efect pozitiv asupra duratei de via\u021b\u0103 a produsului.<\/p>\n<p><strong>Filtru de aer<\/strong><br \/>\nPentru a proteja componentele interne ventilate ale aragazului de praf \u0219i vapori de gr\u0103sime, \u00een corp sunt instalate filtre deta\u0219abile.<\/p>\n<p><strong>Caracteristici<\/strong><br \/>\nTensiune: 380 V<br \/>\nPutere: 10,5 kW<br \/>\nPuterea unui arz\u0103tor: 3,5 kW<br \/>\nNum\u0103r de arz\u0103toare: 3 buc.<br \/>\nDimensiuni arz\u0103tor: 320&#215;320 mm<br \/>\nNum\u0103r de niveluri de control al puterii: 16<br \/>\nTemporizator, timp maxim \/ interval, min. 180 \/ 1<br \/>\nDimensiuni totale (Lu\/La\/\u00cen): 1150x550x850 mm<br \/>\nDimensiuni cu ambalaj (Lu\/La\/\u00cen): 1200x660x850 mm<\/p>\n","protected":false},"excerpt":{"rendered":"<p>Plit\u0103 cu induc\u021bie, incorporata in masa. Tensiune: 380 V; Putere: 10,5 kW; Puterea unui arz\u0103tor: 3,5 kW; Num\u0103r de arz\u0103toare: 3 buc.; Dimensiuni arz\u0103tor: 320&#215;320 mm; Num\u0103r de niveluri de control al puterii: 16; Temporizator, timp maxim \/ interval, min. 180 \/ 1; Dimensiuni totale (Lu\/La\/\u00cen): 1150x550x850 mm; Dimensiuni cu ambalaj (Lu\/La\/\u00cen): 1200x660x850 mm.<\/p>\n","protected":false},"featured_media":39228,"template":"","meta":[],"_links":{"self":[{"href":"https:\/\/evotek.md\/ro\/wp-json\/wp\/v2\/product\/42586"}],"collection":[{"href":"https:\/\/evotek.md\/ro\/wp-json\/wp\/v2\/product"}],"about":[{"href":"https:\/\/evotek.md\/ro\/wp-json\/wp\/v2\/types\/product"}],"wp:featuredmedia":[{"embeddable":true,"href":"https:\/\/evotek.md\/ro\/wp-json\/wp\/v2\/media\/39228"}],"wp:attachment":[{"href":"https:\/\/evotek.md\/ro\/wp-json\/wp\/v2\/media?parent=42586"}],"curies":[{"name":"wp","href":"https:\/\/api.w.org\/{rel}","templated":true}]}}