{"id":42581,"date":"2025-07-01T14:55:18","date_gmt":"2025-07-01T14:55:18","guid":{"rendered":"https:\/\/evotek.md\/?post_type=product&#038;p=42581"},"modified":"2026-01-30T16:53:49","modified_gmt":"2026-01-30T16:53:49","slug":"70sfe-m182-3","status":"publish","type":"product","link":"https:\/\/evotek.md\/ro\/produse\/echipamente-termice\/plite-electrice\/70sfe-m182-3\/","title":{"rendered":"PLITA ELECTRICA CU 6 ARZATOARE SI CUPTOR -PIMAK-70SFE-M182-3"},"content":{"rendered":"<p><strong>PLITA ELECTRICA CU 6 ARZATOARE SI CUPTOR -PIMAK-70SFE-M182-3<\/strong><br \/>\nAlimentare trifazat\u0103<br \/>\nArz\u0103toare cu \u00eenc\u0103lzire \u00een dou\u0103 trepte<br \/>\nCuptor cu termostat<br \/>\nCarcasa din o\u021bel inoxidabil<br \/>\nIgienic \u0219i sigur<br \/>\nDurata lung\u0103 de via\u021b\u0103<\/p>\n<p>Caracteristici<br \/>\nTensiune: 230-400\/50-60 V\/Hz<br \/>\nPutere: 29 kW<br \/>\nDimensiuni: 120x70x85 cm<br \/>\nDimensiuni arz\u0103tor: \u00d818 x 6+1 cm<br \/>\nGreutate: 135 kg<\/p>\n","protected":false},"excerpt":{"rendered":"<p>Plita electrica cu 6 arzatoare. Tensiune: 230-400\/50-60 V\/Hz; Putere: 29 kW; Dimensiuni: 120x70x85 cm; Dimensiuni arz\u0103tor: \u00d818 x 6+1 cm; Greutate: 135 kg.<\/p>\n","protected":false},"featured_media":42868,"template":"","meta":[],"_links":{"self":[{"href":"https:\/\/evotek.md\/ro\/wp-json\/wp\/v2\/product\/42581"}],"collection":[{"href":"https:\/\/evotek.md\/ro\/wp-json\/wp\/v2\/product"}],"about":[{"href":"https:\/\/evotek.md\/ro\/wp-json\/wp\/v2\/types\/product"}],"wp:featuredmedia":[{"embeddable":true,"href":"https:\/\/evotek.md\/ro\/wp-json\/wp\/v2\/media\/42868"}],"wp:attachment":[{"href":"https:\/\/evotek.md\/ro\/wp-json\/wp\/v2\/media?parent=42581"}],"curies":[{"name":"wp","href":"https:\/\/api.w.org\/{rel}","templated":true}]}}