{"id":42550,"date":"2025-06-11T09:38:34","date_gmt":"2025-06-11T09:38:34","guid":{"rendered":"https:\/\/evotek.md\/?post_type=product&#038;p=42550"},"modified":"2025-07-14T14:58:22","modified_gmt":"2025-07-14T14:58:22","slug":"adx125","status":"publish","type":"product","link":"https:\/\/evotek.md\/ro\/produse\/echipamente-frigorifice\/vitrina-frigorifica-de-perete\/adx125\/","title":{"rendered":"VITRINA FRIGORIFICA VERTICALA DE PERETE 2000 dm\u00b3 -JUKA-ADX250"},"content":{"rendered":"<p><strong>VITRINA FRIGORIFICA VERTICALA DE PERETE 2000 dm\u00b3 -JUKA-ADX250-<\/strong> Vitrina frigorific\u0103 vertical\u0103 inovatoare de perete, conceput\u0103 pentru organizarea expunerii \u0219i v\u00e2nz\u0103rii de produse alimentare cu acces liber \u00een magazine alimentare, supermarketuri \u0219i hipermarketuri. Acest echipament modern de refrigerare ofer\u0103 o suprafa\u021b\u0103 optim\u0103 de expunere, o expunere convenabil\u0103 \u0219i u\u0219urin\u021b\u0103 \u00een \u00eentre\u021binere.<\/p>\n<p>Caracteristici<br \/>\nLungime (f\u0103r\u0103 panouri laterale): 2500 mm<br \/>\nGrosimea a dou\u0103 panouri laterale: 85 mm<br \/>\nL\u0103\u021bime: 800 mm<br \/>\n\u00cen\u0103l\u021bime: 2100 mm<br \/>\nGreutatea net\u0103 a vitrinei de perete f\u0103r\u0103 panouri laterale: 460 kg<br \/>\nGreutatea unui set de panouri laterale oarbe standard: 50 kg<br \/>\nGreutatea unui set de panouri laterale oarbe cu oglind\u0103: 62 kg<br \/>\nGreutatea unui set de panouri laterale cu sticl\u0103: 90 kg<br \/>\nVolum total: 2000 dm\u00b3<br \/>\nVolum util: 1560 dm\u00b3<br \/>\nSuprafa\u021b\u0103 de expunere (5 niveluri de rafturi suspendate + 1 nivel de rafturi inferioare): 6,9 m\u00b2<br \/>\nSarcin\u0103 admis\u0103 per raft: 40 kg<br \/>\nTemperatur\u0103 ambiental\u0103 recomandat\u0103: +16&#8230;+25\u00b0C<br \/>\nUmiditate recomandat\u0103: &lt;60%<br \/>\nInterval de temperatur\u0103 de func\u021bionare: +2&#8230;+8\u00b0C<br \/>\nClasa climatic\u0103: 3<br \/>\nAgent frigorific: R290<br \/>\nCantitate agent frigorific: 0,15\/0,15 kg<br \/>\nTip de r\u0103cire: dinamic<br \/>\nTensiune de alimentare: 220-240\/50 V\/HZ<br \/>\nCurent nominal: 10,4 A<br \/>\nCurent nominal cu u\u0219\u0103: 10,2 A<\/p>\n","protected":false},"excerpt":{"rendered":"<p>Vitrina frigorific\u0103 vertical\u0103 de perete. Lungime (f\u0103r\u0103 panouri laterale): 2500 mm; Grosimea a dou\u0103 panouri laterale: 85 mm; L\u0103\u021bime: 800 mm; \u00cen\u0103l\u021bime: 2100 mm; Greutatea net\u0103 a vitrinei de perete f\u0103r\u0103 panouri laterale: 460 kg; Greutatea unui set de panouri laterale oarbe standard: 50 kg; Greutatea unui set de panouri laterale oarbe cu oglind\u0103: 62 kg; Greutatea unui set de panouri laterale cu sticl\u0103: 90 kg; Volum total: 2000 dm\u00b3; Volum util: 1560 dm\u00b3; Suprafa\u021b\u0103 de expunere (5 niveluri de rafturi suspendate + 1 nivel de rafturi inferioare): 6,9 m\u00b2; Sarcin\u0103 admis\u0103 per raft: 40 kg; Temperatur\u0103 ambiental\u0103 recomandat\u0103: +16&#8230;+25\u00b0C; Umiditate recomandat\u0103: &lt;60%; Interval de temperatur\u0103 de func\u021bionare: +2&#8230;+8\u00b0C; Clasa climatic\u0103: 3; Agent frigorific: R290; Cantitate agent frigorific: 0,15\/0,15 kg; Tip de r\u0103cire: dinamic; Tensiune de alimentare: 220-240\/50 V\/HZ; Curent nominal: 10,4 A; Curent nominal cu u\u0219\u0103: 10,2 A.<\/p>\n","protected":false},"featured_media":42552,"template":"","meta":[],"_links":{"self":[{"href":"https:\/\/evotek.md\/ro\/wp-json\/wp\/v2\/product\/42550"}],"collection":[{"href":"https:\/\/evotek.md\/ro\/wp-json\/wp\/v2\/product"}],"about":[{"href":"https:\/\/evotek.md\/ro\/wp-json\/wp\/v2\/types\/product"}],"wp:featuredmedia":[{"embeddable":true,"href":"https:\/\/evotek.md\/ro\/wp-json\/wp\/v2\/media\/42552"}],"wp:attachment":[{"href":"https:\/\/evotek.md\/ro\/wp-json\/wp\/v2\/media?parent=42550"}],"curies":[{"name":"wp","href":"https:\/\/api.w.org\/{rel}","templated":true}]}}