{"id":42546,"date":"2025-06-11T09:25:52","date_gmt":"2025-06-11T09:25:52","guid":{"rendered":"https:\/\/evotek.md\/?post_type=product&#038;p=42546"},"modified":"2025-06-11T09:35:33","modified_gmt":"2025-06-11T09:35:33","slug":"masa-frigorifica-9-sertare-474-litri-frenox-bgn-ef-r290-3x3d","status":"publish","type":"product","link":"https:\/\/evotek.md\/ro\/produse\/echipamente-frigorifice\/masa-frigider\/masa-frigorifica-9-sertare-474-litri-frenox-bgn-ef-r290-3x3d\/","title":{"rendered":"MASA FRIGORIFICA, 9 SERTARE, 474 LITRI -FRENOX-BGN-EF-R290 3x3D"},"content":{"rendered":"<p><strong>MASA FRIGORIFICA, 9 SERTARE, 474 LITRI -FRENOX-BGN-EF-R290 3x3D-<\/strong> Masa frigorific\u0103 este conceput\u0103 pentru a asigura siguran\u021ba \u0219i prospe\u021bimea ingredientelor pentru aperitive reci \u0219i salate. Datorit\u0103 designului convenabil, tot ce ave\u021bi nevoie pentru g\u0103tit este \u00eentotdeauna la \u00eendem\u00e2n\u0103.<\/p>\n<p>Caracteristici<br \/>\nParametri: 186,5x70x85 cm<br \/>\nAgent frigorific: R290<br \/>\nPutere: 0,21 kW 230 V<br \/>\nTemperatur\u0103: -2 \u00b0C \/ +8 \u00b0C<br \/>\nVolum total: 474 litri<br \/>\n9 sertare<br \/>\nMargini rotunjite<\/p>\n","protected":false},"excerpt":{"rendered":"<p>Masa frigorifica. Parametri: 186,5x70x85 cm; Agent frigorific: R290; Putere: 0,21 kW 230 V; Temperatur\u0103: -2 \u00b0C \/ +8 \u00b0C; Volum total: 474 litri; 9 sertare; Margini rotunjite.<\/p>\n","protected":false},"featured_media":42542,"template":"","meta":[],"_links":{"self":[{"href":"https:\/\/evotek.md\/ro\/wp-json\/wp\/v2\/product\/42546"}],"collection":[{"href":"https:\/\/evotek.md\/ro\/wp-json\/wp\/v2\/product"}],"about":[{"href":"https:\/\/evotek.md\/ro\/wp-json\/wp\/v2\/types\/product"}],"wp:featuredmedia":[{"embeddable":true,"href":"https:\/\/evotek.md\/ro\/wp-json\/wp\/v2\/media\/42542"}],"wp:attachment":[{"href":"https:\/\/evotek.md\/ro\/wp-json\/wp\/v2\/media?parent=42546"}],"curies":[{"name":"wp","href":"https:\/\/api.w.org\/{rel}","templated":true}]}}