{"id":42527,"date":"2025-06-10T11:21:05","date_gmt":"2025-06-10T11:22:34","guid":{"rendered":"https:\/\/evotek.md\/?post_type=product&#038;p=42527"},"modified":"2025-06-10T11:22:43","modified_gmt":"2025-06-10T11:22:43","slug":"senol-300x240x220","status":"publish","type":"product","link":"https:\/\/evotek.md\/ro\/produse\/camere-frigorifice\/senol-300x240x220\/","title":{"rendered":"CAMERA FRIGORIFICA, PANOU SANDWICH (-5\u00b0C\/+5\u00b0C) 300x240x220 cm -SENOL 300x240x220"},"content":{"rendered":"<p><strong>CAMERA FRIGORIFICA, PANOU SANDWICH (-5\u00b0C\/+5\u00b0C) 300x240x220 cm -SENOL 300x240x220<\/strong><\/p>\n<p>Caracteristici<br \/>\nCamera frigorifica (-5\u00b0C\/+5\u00b0C) cu panou sandwich<br \/>\nDimensiuni: 300x240x220 cm<br \/>\nU\u0219\u0103 de trecere cu plas\u0103 90&#215;190 inclus\u0103<br \/>\nPanou de perete, podea \u0219i tavan de 80 mm<\/p>\n","protected":false},"excerpt":{"rendered":"<p>Camera frigorifica (-5\u00b0C\/+5\u00b0C) cu panou sandwich.Dimensiuni: 300x240x220 cm. U\u0219\u0103 de trecere cu plas\u0103 90&#215;190 inclus\u0103. Panou de perete, podea \u0219i tavan de 80 mm.<br \/>\n<em style=\"font-size: 14.4px\"><strong>Imagine orientativa!<\/strong><\/em><\/p>\n","protected":false},"featured_media":42507,"template":"","meta":[],"_links":{"self":[{"href":"https:\/\/evotek.md\/ro\/wp-json\/wp\/v2\/product\/42527"}],"collection":[{"href":"https:\/\/evotek.md\/ro\/wp-json\/wp\/v2\/product"}],"about":[{"href":"https:\/\/evotek.md\/ro\/wp-json\/wp\/v2\/types\/product"}],"wp:featuredmedia":[{"embeddable":true,"href":"https:\/\/evotek.md\/ro\/wp-json\/wp\/v2\/media\/42507"}],"wp:attachment":[{"href":"https:\/\/evotek.md\/ro\/wp-json\/wp\/v2\/media?parent=42527"}],"curies":[{"name":"wp","href":"https:\/\/api.w.org\/{rel}","templated":true}]}}