{"id":42514,"date":"2025-06-10T08:06:11","date_gmt":"2025-06-10T08:06:11","guid":{"rendered":"https:\/\/evotek.md\/?post_type=product&#038;p=42514"},"modified":"2025-06-10T09:01:30","modified_gmt":"2025-06-10T09:01:30","slug":"mbp-ko-mbp-ch004","status":"publish","type":"product","link":"https:\/\/evotek.md\/ro\/produse\/camere-frigorifice\/mbp-ko-mbp-ch004\/","title":{"rendered":"MONOBLOCURI PENTRU CAMERA FRIGORIFICA, MONTARE PE PERETE (-5\u00b0C \/ +5\u00b0C) -MBP-KO-MBP-CH004"},"content":{"rendered":"<p><strong>MONOBLOCURI PENTRU CAMERA FRIGORIFICA, MONTARE PE PERETE (-5\u00b0C \/ +5\u00b0C) -MBP-KO-MBP-CH004<\/strong><\/p>\n<p>Caracteristici<br \/>\nSistem de r\u0103cire \u0219i congelare gata de utilizare conceput pentru montare pe perete<br \/>\nMonoblocuri destinate utiliz\u0103rii \u00een spa\u021bii \u00eenchise la temperaturi exterioare (ambientale) +15\u00b0\u0421\/+43\u00b0\u0421 (op\u021bional +5\u00b0\u0421\/+43\u00b0\u0421)<br \/>\nSupapa de expansiune termostatica, compresor ermetic dezghetare automata (gaz fierbinte)<br \/>\nSistem de evaporare a condensului<br \/>\nPanouri din spum\u0103 poliuretanic\u0103<br \/>\nGrosime: 60 mm pentru t\u00b0 -5\u00b0C, +5\u00b0C, 100 mm pentru t\u00b0 -25\u00b0C, -15\u00b0C<br \/>\nCapac din tabl\u0103 cu acoperire din plastic<br \/>\nCuloare alb RAL9010<br \/>\nTabl\u0103 interioar\u0103 suplimentar\u0103 din o\u021bel inoxidabil<\/p>\n","protected":false},"excerpt":{"rendered":"<p>Sistem de r\u0103cire \u0219i congelare gata de utilizare conceput pentru montare pe perete; Monoblocuri destinate utiliz\u0103rii \u00een spa\u021bii \u00eenchise la temperaturi exterioare (ambientale) +15\u00b0\u0421\/+43\u00b0\u0421 (op\u021bional +5\u00b0\u0421\/+43\u00b0\u0421); Supapa de expansiune termostatica, compresor ermetic dezghetare automata (gaz fierbinte); Sistem de evaporare a condensului; Panouri din spum\u0103 poliuretanic\u0103; Grosime: 60 mm pentru t\u00b0 -5\u00b0C, +5\u00b0C, 100 mm pentru t\u00b0 -25\u00b0C, -15\u00b0C; Capac din tabl\u0103 cu acoperire din plastic; Culoare alb RAL9010; Tabl\u0103 interioar\u0103 suplimentar\u0103 din o\u021bel inoxidabil.<br \/>\n<em style=\"font-size: 14.4px\"><strong>Imagine orientativa!<\/strong><\/em><\/p>\n","protected":false},"featured_media":42517,"template":"","meta":[],"_links":{"self":[{"href":"https:\/\/evotek.md\/ro\/wp-json\/wp\/v2\/product\/42514"}],"collection":[{"href":"https:\/\/evotek.md\/ro\/wp-json\/wp\/v2\/product"}],"about":[{"href":"https:\/\/evotek.md\/ro\/wp-json\/wp\/v2\/types\/product"}],"wp:featuredmedia":[{"embeddable":true,"href":"https:\/\/evotek.md\/ro\/wp-json\/wp\/v2\/media\/42517"}],"wp:attachment":[{"href":"https:\/\/evotek.md\/ro\/wp-json\/wp\/v2\/media?parent=42514"}],"curies":[{"name":"wp","href":"https:\/\/api.w.org\/{rel}","templated":true}]}}