{"id":42493,"date":"2025-06-04T09:18:37","date_gmt":"2025-06-04T09:23:47","guid":{"rendered":"https:\/\/evotek.md\/?post_type=product&#038;p=42493"},"modified":"2025-06-04T09:23:48","modified_gmt":"2025-06-04T09:23:48","slug":"sg400","status":"publish","type":"product","link":"https:\/\/evotek.md\/ro\/produse\/fara-categorie\/sg400\/","title":{"rendered":"RASNITA PENTRU CONDIMENTE, 400 g, HKN-SG400"},"content":{"rendered":"<p><strong>RASNITA PENTRU CONDIMENTE, 400 g, HKN-SG400-<\/strong> R\u00e2\u0219ni\u021ba este utilizat\u0103 \u00een unit\u0103\u021bile de catering \u0219i comer\u021b pentru m\u0103cinarea ierburilor uscate, nucilor, biscui\u021bilor \u0219i condimentelor.<\/p>\n<p>Caracteristici<br \/>\nTip de instalare: De mas\u0103<br \/>\nCapacitate recipient: 1,41 litri, dar nu mai mult de 400 g, 28000 rpm<br \/>\nSarcin\u0103 maxim\u0103: 0,4 kg<br \/>\nPutere: 1,8 kW<br \/>\nTensiune: 220 V<br \/>\nLungime: 198 mm<br \/>\nL\u0103\u021bime: 192 mm<br \/>\n\u00cen\u0103l\u021bime: 362 mm<br \/>\nGreutate net\u0103: 4,6 kg<br \/>\nGreutate brut\u0103: 5,4 kg<br \/>\nMaterial corp: plastic<br \/>\nMaterial recipient \u0219i capac: o\u021bel inoxidabil<br \/>\nTemporizator<\/p>\n","protected":false},"excerpt":{"rendered":"<p>Tip de instalare: De mas\u0103; Capacitate recipient: 1,41 litri, dar nu mai mult de 400 g, 28000 rpm; Sarcin\u0103 maxim\u0103: 0,4 kg; Putere: 1,8 kW; Tensiune: 220 V; Lungime: 198 mm; L\u0103\u021bime: 192 mm; \u00cen\u0103l\u021bime: 362 mm; Greutate net\u0103: 4,6 kg; Greutate brut\u0103: 5,4 kg; Material corp: plastic; Material recipient \u0219i capac: o\u021bel inoxidabil; Temporizator.<\/p>\n","protected":false},"featured_media":42491,"template":"","meta":[],"_links":{"self":[{"href":"https:\/\/evotek.md\/ro\/wp-json\/wp\/v2\/product\/42493"}],"collection":[{"href":"https:\/\/evotek.md\/ro\/wp-json\/wp\/v2\/product"}],"about":[{"href":"https:\/\/evotek.md\/ro\/wp-json\/wp\/v2\/types\/product"}],"wp:featuredmedia":[{"embeddable":true,"href":"https:\/\/evotek.md\/ro\/wp-json\/wp\/v2\/media\/42491"}],"wp:attachment":[{"href":"https:\/\/evotek.md\/ro\/wp-json\/wp\/v2\/media?parent=42493"}],"curies":[{"name":"wp","href":"https:\/\/api.w.org\/{rel}","templated":true}]}}