{"id":42475,"date":"2025-06-02T12:21:32","date_gmt":"2025-06-02T12:21:31","guid":{"rendered":"https:\/\/evotek.md\/?post_type=product&#038;p=42475"},"modified":"2025-06-02T12:25:36","modified_gmt":"2025-06-02T12:25:36","slug":"lpd903f","status":"publish","type":"product","link":"https:\/\/evotek.md\/ro\/produse\/echipamente-pentru-bar-si-cafea\/vitrine-frigorifice-pentru-patiserie-2\/lpd903f\/","title":{"rendered":"VITRINA FRIGORIFICA PENTRU PATISERIE, DE PODEA 390 LITRI, NEAGRA -TEFCOLD-LPD903F"},"content":{"rendered":"<p><strong>VITRINA FRIGORIFICA PENTRU PATISERIE, DE PODEA 390 LITRI, NEAGRA -TEFCOLD-LPD903F<br \/>\n<\/strong><\/p>\n<p>Caracteristici<br \/>\nTemperatur\u0103: +2 p\u00e2n\u0103 la +8 \u00b0C<br \/>\nClasa climatica: 3<br \/>\nGreutate: brut\/net 229\/180 kg<br \/>\nVolum brut\/net: 390\/210 lt<br \/>\nSuprafata totala de afisare: 1.72 m\u00b2<br \/>\nPicioare: 4 picioare reglabile<br \/>\nFinisaj exterior: o\u021bel inoxidabil\/sticl\u0103<br \/>\nFinisaj interior: o\u021bel inoxidabil\/sticl\u0103<br \/>\nLumina interioara: LED<br \/>\nNum\u0103rul \u0219i tipul u\u0219ii: 2 u\u0219i glisante din sticl\u0103<br \/>\nNumar si tip rafturi: 3 rafturi din sticla + baza.<br \/>\nDimensiuni raft: 75\u00d733 \/ 75\u00d733 \/ 75&#215;33 \/ 75\u00d744<br \/>\nTip controler: electronic<br \/>\nTip de r\u0103cire: ventilat\u0103<br \/>\nTip de dezghe\u021bare: automat\u0103<br \/>\nAgent frigorific: R290<br \/>\nCapacitate de agent frigorific: 110 g<br \/>\nTermometru: Da<br \/>\nConsum de energie: 11.83 kWh\/24 ore<br \/>\nPutere: 530 W<br \/>\nTensiune: 220-240\/50 V\/Hz<br \/>\nNivel de zgomot: 48 dB(A)<br \/>\nDimensiuni interioare (LaxAdx\u00cen): 840 x 510 x 774 mm<br \/>\nDimensiuni exterioare (LaxAdx\u00cen): 905x745x1305 mm<br \/>\nDimensiuni ambalaj (LaxAdx\u00cen): 980x820x1480 mm<\/p>\n","protected":false},"excerpt":{"rendered":"<p>Vitrin\u0103 rece pentru patiserie. Temperatur\u0103: +2 p\u00e2n\u0103 la +8 \u00b0C; Clasa climatica: 3; Greutate: brut\/net 229\/180 kg; Volum brut\/net: 390\/210 lt; Suprafata totala de afisare: 1.72 m\u00b2; Picioare: 4 picioare reglabile; Finisaj exterior: o\u021bel inoxidabil\/sticl\u0103; Finisaj interior: o\u021bel inoxidabil\/sticl\u0103; Lumina interioara: LED; Num\u0103rul \u0219i tipul u\u0219ii: 2 u\u0219i glisante din sticl\u0103; Numar si tip rafturi: 3 rafturi din sticla + baza.; Dimensiuni raft: 75\u00d733 \/ 75\u00d733 \/ 75&#215;33 \/ 75\u00d744; Tip controler: electronic; Tip de r\u0103cire: ventilat\u0103; Tip de dezghe\u021bare: automat\u0103; Agent frigorific: R290; Capacitate de agent frigorific: 110 g; Termometru: Da; Consum de energie: 11.83 kWh\/24 ore; Putere: 530 W; Tensiune: 220-240\/50 V\/Hz; Nivel de zgomot: 48 dB(A); Dimensiuni interioare (LaxAdx\u00cen): 840 x 510 x 774 mm; Dimensiuni exterioare (LaxAdx\u00cen): 905x745x1305 mm; Dimensiuni ambalaj (LaxAdx\u00cen): 980x820x1480 mm.<\/p>\n","protected":false},"featured_media":42478,"template":"","meta":[],"_links":{"self":[{"href":"https:\/\/evotek.md\/ro\/wp-json\/wp\/v2\/product\/42475"}],"collection":[{"href":"https:\/\/evotek.md\/ro\/wp-json\/wp\/v2\/product"}],"about":[{"href":"https:\/\/evotek.md\/ro\/wp-json\/wp\/v2\/types\/product"}],"wp:featuredmedia":[{"embeddable":true,"href":"https:\/\/evotek.md\/ro\/wp-json\/wp\/v2\/media\/42478"}],"wp:attachment":[{"href":"https:\/\/evotek.md\/ro\/wp-json\/wp\/v2\/media?parent=42475"}],"curies":[{"name":"wp","href":"https:\/\/api.w.org\/{rel}","templated":true}]}}