{"id":42471,"date":"2025-05-13T12:14:42","date_gmt":"2025-05-13T12:14:42","guid":{"rendered":"https:\/\/evotek.md\/?post_type=product&#038;p=42471"},"modified":"2025-05-13T12:17:42","modified_gmt":"2025-05-13T12:17:42","slug":"cu103-2","status":"publish","type":"product","link":"https:\/\/evotek.md\/ro\/produse\/echipamente-frigorifice\/vitrine-frigorifice-pentru-patiserie\/cu103-2\/","title":{"rendered":"VITRINA FRIGORIFICA PENTRU PATISERIE, 2 NIVELE CUBE 0,6W 2P -IGLOO-CU103.2"},"content":{"rendered":"<p><strong>VITRINA FRIGORIFICA PENTRU PATISERIE, 2 NIVELE CUBE 0,6W 2P -IGLOO-CU103.2-<\/strong> 3 rafturi de sticl\u0103 vitrine pe suport cu \u00een\u0103l\u021bime reglabil\u0103 \u0219i unghi de suspendare, u\u0219i culisante spate cu geam termopan.<\/p>\n<p>Caracteristici<br \/>\nLungime: 641 mm<br \/>\n\u00cen\u0103l\u021bime: 1195+\/-10 mm<br \/>\nAd\u00e2ncime: 835 mm<br \/>\nInterval de temperatur\u0103 de func\u021bionare a echipamentului: +5 \u00b1 +15\u00b0C \u00b0C<br \/>\nAgent frigorific: R134a<br \/>\nTensiune nominal\u0103: 230\/50Hz<br \/>\nPutere nominala: 309 W<br \/>\nGreutate: 90 kg<\/p>\n","protected":false},"excerpt":{"rendered":"<p>Vitrina frigorifica pentru patiserie. Lungime:641 mm; \u00cen\u0103l\u021bime: 1195+\/-10 mm; Ad\u00e2ncime: 835 mm; Interval de temperatur\u0103 de func\u021bionare a echipamentului: +5 \u00b1 +15\u00b0C \u00b0C; Agent frigorific: R134a ; Tensiune nominal\u0103: 230\/50Hz; Putere nominala: 309 W. Greutate: 90 kg<\/p>\n","protected":false},"featured_media":39906,"template":"","meta":[],"_links":{"self":[{"href":"https:\/\/evotek.md\/ro\/wp-json\/wp\/v2\/product\/42471"}],"collection":[{"href":"https:\/\/evotek.md\/ro\/wp-json\/wp\/v2\/product"}],"about":[{"href":"https:\/\/evotek.md\/ro\/wp-json\/wp\/v2\/types\/product"}],"wp:featuredmedia":[{"embeddable":true,"href":"https:\/\/evotek.md\/ro\/wp-json\/wp\/v2\/media\/39906"}],"wp:attachment":[{"href":"https:\/\/evotek.md\/ro\/wp-json\/wp\/v2\/media?parent=42471"}],"curies":[{"name":"wp","href":"https:\/\/api.w.org\/{rel}","templated":true}]}}